{"id":21,"date":"2023-04-17T02:48:16","date_gmt":"2023-04-17T02:48:16","guid":{"rendered":"http:\/\/bracketweb.com\/treckwp\/?page_id=21"},"modified":"2025-09-23T21:01:17","modified_gmt":"2025-09-23T19:01:17","slug":"o-nas","status":"publish","type":"page","link":"https:\/\/kos.pl\/index.php\/o-nas\/","title":{"rendered":"O nas"},"content":{"rendered":"\t\t<div data-elementor-type=\"wp-page\" data-elementor-id=\"21\" class=\"elementor elementor-21\">\n\t\t\t\t\t\t<section class=\"elementor-section elementor-top-section elementor-element elementor-element-316c429 elementor-section-full_width elementor-section-height-default elementor-section-height-default\" data-id=\"316c429\" data-element_type=\"section\">\n\t\t\t\t\t\t<div class=\"elementor-container elementor-column-gap-no\">\n\t\t\t\t\t<div class=\"elementor-column elementor-col-100 elementor-top-column elementor-element elementor-element-a20d6b1\" data-id=\"a20d6b1\" data-element_type=\"column\">\n\t\t\t<div class=\"elementor-widget-wrap elementor-element-populated\">\n\t\t\t\t\t\t<div class=\"elementor-element elementor-element-6d7b2f8 elementor-widget elementor-widget-treck-about\" data-id=\"6d7b2f8\" data-element_type=\"widget\" data-widget_type=\"treck-about.default\">\n\t\t\t\t<div class=\"elementor-widget-container\">\n\t\t\t\t\t\r\n\t<!--About Four Start-->\r\n\t<section class=\"about-four\">\r\n\t\t<div class=\"about-four__shape-2 img-bounce\">\r\n\t\t\t\t\t<\/div>\r\n\t\t<div class=\"container\">\r\n\t\t\t<div class=\"row\">\r\n\t\t\t\t<div class=\"col-xl-6\">\r\n\t\t\t\t\t<div class=\"about-four__left\">\r\n\t\t\t\t\t\t<div class=\"section-title text-left\">\r\n\t\t\t\t\t\t\t<div class=\"section-title__tagline-box\">\r\n\t\t\t\t\t\t\t\t<span class=\"section-title__tagline\">kilka s\u0142\u00f3w <\/span>\t\t\t\t\t\t\t\t<div class=\"section-title__border-box\"><\/div>\r\n\t\t\t\t\t\t\t<\/div>\r\n\t\t\t\t\t\t\t<h2 class=\"section-title__title\">O firmie <\/h2>\t\t\t\t\t\t<\/div>\r\n\t\t\t\t\t\t<div class=\"about-four__top\">\r\n\t\t\t\t\t\t\t<div class=\"about-four__icon icon-svg-large\">\r\n\t\t\t\t\t\t\t\t\t\t\t\t\t\t\t<\/div>\r\n\t\t\t\t\t\t\t<div class=\"about-four__content\">\r\n\t\t\t\t\t\t\t\t\t\t\t\t\t\t\t<\/div>\r\n\t\t\t\t\t\t<\/div>\r\n\t\t\t\t\t\t<p class=\"about-four__text-1\">Kos Elektro System dzia\u0142a na rynku od 1982, posiada ponad 37-letnie do\u015bwiadczenie w produkcji wysokiej jako\u015bci gniazdek, w\u0142\u0105cznik\u00f3w oraz system\u00f3w kontroli dost\u0119pu. Bogata, stale rozwijaj\u0105ca si\u0119 oferta ukierunkowana na wymagaj\u0105cych klient\u00f3w to elementy realizacji misji firmy, ubranej w has\u0142o: \u201ePi\u0119kno wkomponowane w SYSTEM\u201d\n\nWszystkie dzia\u0142anie podporz\u0105dkowane s\u0105 tworzeniu rozwi\u0105za\u0144, kt\u00f3re \u0142\u0105cz\u0105 jednocze\u015bnie innowacyjno\u015b\u0107, ekonomi\u0119 i nowoczesny design. Nasza oferta ma na celu trafi\u0107 do konkretnych odbiorc\u00f3w. Jest opracowana zgodnie z potrzebami rynku. Istnieje mo\u017cliwo\u015b\u0107 dopasowywania oferty do predyspozycji indywidualnego odbiorcy lub grupy odbiorc\u00f3w. Oferta jest szyta na miar\u0119, tzn. umo\u017cliwia korzystanie z niej zar\u00f3wno przez profesjonalnych oraz amatorskich u\u017cytkownik\u00f3w. Zawiera odpowiednie produkty, kt\u00f3re z pewno\u015bci\u0105 zadowol\u0105 instalator\u00f3w, hurtownik\u00f3w, a tak\u017ce projektant\u00f3w korzystaj\u0105cych z serwisu strony.\n\n<\/p>\t\t\t\t\t\t\t\t\t\t\t\t<div class=\"about-four__btn-box\">\r\n\t\t\t\t\t\t\t\t\t\t\t\t\t<\/div>\r\n\t\t\t\t\t<\/div>\r\n\t\t\t\t<\/div>\r\n\t\t\t\t<div class=\"col-xl-6\">\r\n\t\t\t\t\t<div class=\"about-four__right\">\r\n\t\t\t\t\t\t<div class=\"about-four__img-box\">\r\n\t\t\t\t\t\t\t\t\t\t\t\t\t\t\t<div class=\"about-four__img-one\">\r\n\t\t\t\t\t\t\t\t\t<img decoding=\"async\" src=\"https:\/\/kos.pl\/wp-content\/uploads\/2024\/10\/bg1a.jpg\" alt=\"bg1a\" title=\"bg1a\" >\t\t\t\t\t\t\t\t<\/div>\r\n\t\t\t\t\t\t\t\t\t\t\t\t\t\t\t\t\t\t\t\t\t\t<div class=\"about-four__img-two\">\r\n\t\t\t\t\t\t\t\t\t<img decoding=\"async\" src=\"https:\/\/kos.pl\/wp-content\/uploads\/2024\/10\/bg2a.jpg\" alt=\"bg2a\" title=\"bg2a\" >\t\t\t\t\t\t\t\t<\/div>\r\n\t\t\t\t\t\t\t\t\t\t\t\t\t\t<div class=\"about-four__experience\">\r\n\t\t\t\t\t\t\t\t<div class=\"about-four__experience-inner count-box\">\r\n\t\t\t\t\t\t\t\t\t<h3 class=\"count-text\" data-stop=\"42\" data-speed=\"1500\">00<\/h3>\r\n\t\t\t\t\t\t\t\t\t<p>lat na polskim rynku<\/p>\r\n\t\t\t\t\t\t\t\t\t<div class=\"about-four__shape-1\">\r\n\t\t\t\t\t\t\t\t\t\t<img decoding=\"async\" src=\"https:\/\/kos.pl\/wp-content\/uploads\/2023\/04\/about-two-shape-1-1.png\" alt=\"alt\" title=\"about-two-shape-1\" >\t\t\t\t\t\t\t\t\t<\/div>\r\n\t\t\t\t\t\t\t\t<\/div>\r\n\t\t\t\t\t\t\t<\/div>\r\n\t\t\t\t\t\t<\/div>\r\n\t\t\t\t\t<\/div>\r\n\t\t\t\t<\/div>\r\n\t\t\t<\/div>\r\n\t\t<\/div>\r\n\t<\/section>\r\n\t<!--About Four End-->\r\n\t\t\t\t<\/div>\n\t\t\t\t<\/div>\n\t\t\t\t\t<\/div>\n\t\t<\/div>\n\t\t\t\t\t<\/div>\n\t\t<\/section>\n\t\t\t\t<section class=\"elementor-section elementor-top-section elementor-element elementor-element-6130aa9 elementor-section-boxed elementor-section-height-default elementor-section-height-default\" data-id=\"6130aa9\" data-element_type=\"section\">\n\t\t\t\t\t\t<div class=\"elementor-container elementor-column-gap-default\">\n\t\t\t\t\t<div class=\"elementor-column elementor-col-100 elementor-top-column elementor-element elementor-element-4a2927b\" data-id=\"4a2927b\" data-element_type=\"column\">\n\t\t\t<div class=\"elementor-widget-wrap elementor-element-populated\">\n\t\t\t\t\t\t<div class=\"elementor-element elementor-element-348bbf0 elementor-widget elementor-widget-heading\" data-id=\"348bbf0\" data-element_type=\"widget\" data-widget_type=\"heading.default\">\n\t\t\t\t<div class=\"elementor-widget-container\">\n\t\t\t\t\t<h2 class=\"elementor-heading-title elementor-size-default\">Historia<\/h2>\t\t\t\t<\/div>\n\t\t\t\t<\/div>\n\t\t\t\t<div class=\"elementor-element elementor-element-f1be14a elementor-widget elementor-widget-spacer\" data-id=\"f1be14a\" data-element_type=\"widget\" data-widget_type=\"spacer.default\">\n\t\t\t\t<div class=\"elementor-widget-container\">\n\t\t\t\t\t\t\t<div class=\"elementor-spacer\">\n\t\t\t<div class=\"elementor-spacer-inner\"><\/div>\n\t\t<\/div>\n\t\t\t\t\t\t<\/div>\n\t\t\t\t<\/div>\n\t\t\t\t<div class=\"elementor-element elementor-element-77f72e8 elementor-widget elementor-widget-text-editor\" data-id=\"77f72e8\" data-element_type=\"widget\" data-widget_type=\"text-editor.default\">\n\t\t\t\t<div class=\"elementor-widget-container\">\n\t\t\t\t\t\t\t\t\t<p style=\"text-align: center;\"><b>Na pocz\u0105tku by\u0142o gniazdko&#8230;<\/b><\/p><p style=\"text-align: center;\">W miejscowo\u015bci Nekla, KOS jako jedna z pierwszych w Polsce, rozpoczyna produkcj\u0119 serii gniazd hermetycznych, kt\u00f3re z niewielkimi modyfikacjami s\u0105 do dzi\u015b s\u0105 cz\u0119\u015bci\u0105 naszej oferty.<\/p>\t\t\t\t\t\t\t\t<\/div>\n\t\t\t\t<\/div>\n\t\t\t\t\t<\/div>\n\t\t<\/div>\n\t\t\t\t\t<\/div>\n\t\t<\/section>\n\t\t\t\t<section class=\"elementor-section elementor-top-section elementor-element elementor-element-0c0bfbd elementor-section-boxed elementor-section-height-default elementor-section-height-default\" data-id=\"0c0bfbd\" data-element_type=\"section\">\n\t\t\t\t\t\t<div class=\"elementor-container elementor-column-gap-default\">\n\t\t\t\t\t<div class=\"elementor-column elementor-col-100 elementor-top-column elementor-element elementor-element-0e27a9c\" data-id=\"0e27a9c\" data-element_type=\"column\">\n\t\t\t<div class=\"elementor-widget-wrap elementor-element-populated\">\n\t\t\t\t\t\t<div class=\"elementor-element elementor-element-a037d6c elementor-widget elementor-widget-html\" data-id=\"a037d6c\" data-element_type=\"widget\" data-widget_type=\"html.default\">\n\t\t\t\t<div class=\"elementor-widget-container\">\n\t\t\t\t\t<iframe width=\"560\" height=\"315\" src=\"https:\/\/www.youtube.com\/embed\/bldNjL_qpIo?si=SjBq9g-ZkAyj66mG\" title=\"YouTube video player\" frameborder=\"0\" allow=\"accelerometer; autoplay; clipboard-write; encrypted-media; gyroscope; picture-in-picture; web-share\" referrerpolicy=\"strict-origin-when-cross-origin\" allowfullscreen><\/iframe>\t\t\t\t<\/div>\n\t\t\t\t<\/div>\n\t\t\t\t<div class=\"elementor-element elementor-element-8ef3786 elementor-widget elementor-widget-spacer\" data-id=\"8ef3786\" data-element_type=\"widget\" data-widget_type=\"spacer.default\">\n\t\t\t\t<div class=\"elementor-widget-container\">\n\t\t\t\t\t\t\t<div class=\"elementor-spacer\">\n\t\t\t<div class=\"elementor-spacer-inner\"><\/div>\n\t\t<\/div>\n\t\t\t\t\t\t<\/div>\n\t\t\t\t<\/div>\n\t\t\t\t<div class=\"elementor-element elementor-element-58bee73 elementor-widget elementor-widget-timeline-widget-addon\" data-id=\"58bee73\" data-element_type=\"widget\" data-widget_type=\"timeline-widget-addon.default\">\n\t\t\t\t<div class=\"elementor-widget-container\">\n\t\t\t\t\t<!-- ========= Timeline Widget Addon For Elementor 1.6.8 ========= -->\n<div id=\"twae-wrapper-58bee73\" class=\"twae-vertical twae-wrapper  twae-both-sided\">   \n    <div class=\"twae-start\"><\/div>    \n    <div id=\"twea-timeline-58bee73\" class=\"twae-timeline\" ><!-- Start of Story Repeater Content --><div id=\"story-20c140d\" class=\"twae-story twae-repeater-item twae-story-right twae-story-no-icon\"><!-- Story Label --><div class=\"twae-labels\"><div class=\"twae-label-big\">Lata 80\/90<\/div><\/div><!-- Story Icon --><div class=\"twae-icon\"><i aria-hidden=\"true\" class=\"far fa-clock\"><\/i><\/div><!-- Story Arrow --><div class=\"twae-arrow\"><\/div><!-- Start of Story Content --><div class=\"twae-content\"><!-- Story Description --><div class=\"twae-description\"><p>Historia firmy KOS \u0142\u0105czy si\u0119 z histori\u0105 firmy Karlik, firmy dzia\u0142a\u0142y po s\u0105siedzku firma KOS produkowa\u0142a gniazda, a s\u0105siad w\u0142\u0105czniki. W tych czasach powstaj\u0105 linie produkt\u00f3w kt\u00f3re do dzi\u015b \u0142\u0105czy podobny desing. W ofercie KOS: Trol, Cosmo, Maja, Hydro.<\/p><p>Z pocz\u0105tkiem 2000 roku nast\u0105pi\u0142o przy\u015bpieszenie w rozwoju firmy KOS oraz jej oferty. Powsta\u0142a pierwsza seria ramkowa Cosmo MAXI, kt\u00f3ra wchodzi w sk\u0142ad ca\u0142ej rodziny COSMO. Seria MAXI z sukcesem przez 15 lat zdobywa rynek nie tylko Polski. Do dzi\u015b w ofercie pozosta\u0142y serie z rodziny Cosmo Line i KOS 45.<\/p><\/div><\/div><\/div><!-- Start of Story Repeater Content --><div id=\"story-4de2806\" class=\"twae-story twae-repeater-item twae-story-left twae-story-no-icon\"><!-- Story Label --><div class=\"twae-labels\"><div class=\"twae-label-big\">Rok 2006<\/div><\/div><!-- Story Icon --><div class=\"twae-icon\"><i aria-hidden=\"true\" class=\"far fa-clock\"><\/i><\/div><!-- Story Arrow --><div class=\"twae-arrow\"><\/div><!-- Start of Story Content --><div class=\"twae-content\"><!-- Story Description --><div class=\"twae-description\"><p>Xeno, pocz\u0105tki najlepszego w Polsce systemu hermetycznego, kt\u00f3ry w bie\u017c\u0105cej ofercie widnieje pod nazw\u0105 BRYZA.<\/p><\/div><\/div><\/div><!-- Start of Story Repeater Content --><div id=\"story-19de5ee\" class=\"twae-story twae-repeater-item twae-story-right twae-story-no-icon\"><!-- Story Label --><div class=\"twae-labels\"><div class=\"twae-label-big\">Rok 2008<\/div><\/div><!-- Story Icon --><div class=\"twae-icon\"><i aria-hidden=\"true\" class=\"far fa-clock\"><\/i><\/div><!-- Story Arrow --><div class=\"twae-arrow\"><\/div><!-- Start of Story Content --><div class=\"twae-content\"><!-- Story Description --><div class=\"twae-description\"><p>Wprowadzenie do oferty pierwszej nowoczesnej serii ramkowej Vena, kt\u00f3ra do dzi\u015b kr\u00f3luje w naszej ofercie jako lider w dystrybucji. Vena ceniona jest za wysok\u0105 jako\u015b\u0107 popart\u0105 a\u017c 7 letni\u0105 gwarancj\u0105.<\/p><\/div><\/div><\/div><!-- Start of Story Repeater Content --><div id=\"story-13f9dba\" class=\"twae-story twae-repeater-item twae-story-left twae-story-no-icon\"><!-- Story Label --><div class=\"twae-labels\"><div class=\"twae-label-big\">Rok 2010<\/div><\/div><!-- Story Icon --><div class=\"twae-icon\"><i aria-hidden=\"true\" class=\"far fa-clock\"><\/i><\/div><!-- Story Arrow --><div class=\"twae-arrow\"><\/div><!-- Start of Story Content --><div class=\"twae-content\"><!-- Story Description --><div class=\"twae-description\"><p>Intensywny rozw\u00f3j nowoczesnych system\u00f3w kontroli dost\u0119pu i produkt\u00f3w elektronicznych SAB.<\/p><\/div><\/div><\/div><!-- Start of Story Repeater Content --><div id=\"story-3ec0fee\" class=\"twae-story twae-repeater-item twae-story-right twae-story-no-icon\"><!-- Story Label --><div class=\"twae-labels\"><div class=\"twae-label-big\">Rok 2012<\/div><\/div><!-- Story Icon --><div class=\"twae-icon\"><i aria-hidden=\"true\" class=\"far fa-clock\"><\/i><\/div><!-- Story Arrow --><div class=\"twae-arrow\"><\/div><!-- Start of Story Content --><div class=\"twae-content\"><!-- Story Description --><div class=\"twae-description\"><p>Wprowadzenie nowych ramek z surowc\u00f3w do serii Dante.<\/p><\/div><\/div><\/div><!-- Start of Story Repeater Content --><div id=\"story-e5b4b56\" class=\"twae-story twae-repeater-item twae-story-left twae-story-no-icon\"><!-- Story Label --><div class=\"twae-labels\"><div class=\"twae-label-big\">Rok 2013<\/div><\/div><!-- Story Icon --><div class=\"twae-icon\"><i aria-hidden=\"true\" class=\"far fa-clock\"><\/i><\/div><!-- Story Arrow --><div class=\"twae-arrow\"><\/div><!-- Start of Story Content --><div class=\"twae-content\"><!-- Story Description --><div class=\"twae-description\"><p>Nowa seria ramkowa KOS 66 \u2013 najbardziej ekonomiczna cz\u0119\u015b\u0107 naszej oferty.<\/p><\/div><\/div><\/div><!-- Start of Story Repeater Content --><div id=\"story-8696597\" class=\"twae-story twae-repeater-item twae-story-right twae-story-no-icon\"><!-- Story Label --><div class=\"twae-labels\"><div class=\"twae-label-big\">Rok 2014<\/div><\/div><!-- Story Icon --><div class=\"twae-icon\"><i aria-hidden=\"true\" class=\"far fa-clock\"><\/i><\/div><!-- Story Arrow --><div class=\"twae-arrow\"><\/div><!-- Start of Story Content --><div class=\"twae-content\"><!-- Story Description --><div class=\"twae-description\"><p>Wprowadzenie innowacyjnego systemu budowania dowolnej krotno\u015bci ramki w KOS 66 Plus.<\/p><\/div><\/div><\/div><!-- Start of Story Repeater Content --><div id=\"story-5a46c9d\" class=\"twae-story twae-repeater-item twae-story-left twae-story-no-icon\"><!-- Story Label --><div class=\"twae-labels\"><div class=\"twae-label-big\">Rok 2015<\/div><\/div><!-- Story Icon --><div class=\"twae-icon\"><i aria-hidden=\"true\" class=\"far fa-clock\"><\/i><\/div><!-- Story Arrow --><div class=\"twae-arrow\"><\/div><!-- Start of Story Content --><div class=\"twae-content\"><!-- Story Description --><div class=\"twae-description\"><p>Pierwsze ekskluzywne ramki z matali szlachetnych w systemie ramkowym Vena.<\/p><\/div><\/div><\/div><!-- Start of Story Repeater Content --><div id=\"story-1af2be3\" class=\"twae-story twae-repeater-item twae-story-right twae-story-no-icon\"><!-- Story Label --><div class=\"twae-labels\"><div class=\"twae-label-big\">Rok 2016<\/div><\/div><!-- Story Icon --><div class=\"twae-icon\"><i aria-hidden=\"true\" class=\"far fa-clock\"><\/i><\/div><!-- Story Arrow --><div class=\"twae-arrow\"><\/div><!-- Start of Story Content --><div class=\"twae-content\"><!-- Story Description --><div class=\"twae-description\"><p>Nowa seria monoblokowa KOS 1. Wycofanie z oferty serii Maxi, UNO i MAJA.<\/p><\/div><\/div><\/div><!-- Start of Story Repeater Content --><div id=\"story-1b077f6\" class=\"twae-story twae-repeater-item twae-story-left twae-story-no-icon\"><!-- Story Label --><div class=\"twae-labels\"><div class=\"twae-label-big\">Rok 2017<\/div><\/div><!-- Story Icon --><div class=\"twae-icon\"><i aria-hidden=\"true\" class=\"far fa-clock\"><\/i><\/div><!-- Story Arrow --><div class=\"twae-arrow\"><\/div><!-- Start of Story Content --><div class=\"twae-content\"><!-- Story Description --><div class=\"twae-description\"><p>Zmiana IP w serii BRYZA na IP 54 oraz wzbogacenie kolorystyki o produkty w kolorze szarym.<\/p><\/div><\/div><\/div><!-- Start of Story Repeater Content --><div id=\"story-706d02b\" class=\"twae-story twae-repeater-item twae-story-right twae-story-no-icon\"><!-- Story Label --><div class=\"twae-labels\"><div class=\"twae-label-big\">Rok 2018<\/div><\/div><!-- Story Icon --><div class=\"twae-icon\"><i aria-hidden=\"true\" class=\"far fa-clock\"><\/i><\/div><!-- Story Arrow --><div class=\"twae-arrow\"><\/div><!-- Start of Story Content --><div class=\"twae-content\"><!-- Story Description --><div class=\"twae-description\"><p>Wprowadzenie nowych ramek Vena2, przebudowa systemu ramkowego Vena (likwidacja redukcji ramki).<\/p><\/div><\/div><\/div><!-- Start of Story Repeater Content --><div id=\"story-e1236fb\" class=\"twae-story twae-repeater-item twae-story-left twae-story-no-icon\"><!-- Story Label --><div class=\"twae-labels\"><div class=\"twae-label-big\">Rok 2019<\/div><\/div><!-- Story Icon --><div class=\"twae-icon\"><i aria-hidden=\"true\" class=\"far fa-clock\"><\/i><\/div><!-- Story Arrow --><div class=\"twae-arrow\"><\/div><!-- Start of Story Content --><div class=\"twae-content\"><!-- Story Description --><div class=\"twae-description\"><p>Wprowadzenie bogatej oferty ramek z szk\u0142a akrylowego, metalu i drewna w systemie Vena2.<\/p><\/div><\/div><\/div><\/div>\n    <div class=\"twae-end\"><\/div>\n    <\/div><style type=\"text\/css\">@media (max-width: 1024px){ .twae-wrapper{--tw-ybx-size: 80px !important;}}@media (max-width: 767px){ .twae-wrapper{--tw-ybx-size: 80px !important}}<\/style>\t\t\t\t<\/div>\n\t\t\t\t<\/div>\n\t\t\t\t<div class=\"elementor-element elementor-element-de68807 elementor-widget elementor-widget-spacer\" data-id=\"de68807\" data-element_type=\"widget\" data-widget_type=\"spacer.default\">\n\t\t\t\t<div class=\"elementor-widget-container\">\n\t\t\t\t\t\t\t<div class=\"elementor-spacer\">\n\t\t\t<div class=\"elementor-spacer-inner\"><\/div>\n\t\t<\/div>\n\t\t\t\t\t\t<\/div>\n\t\t\t\t<\/div>\n\t\t\t\t<div class=\"elementor-element elementor-element-9d98628 elementor-widget elementor-widget-text-editor\" data-id=\"9d98628\" data-element_type=\"widget\" data-widget_type=\"text-editor.default\">\n\t\t\t\t<div class=\"elementor-widget-container\">\n\t\t\t\t\t\t\t\t\t<p>Firma jest jednym z niewielu rdzennie Polskich producent\u00f3w osprz\u0119tu elektroinstalacyjnego. Oferowane wyroby odpowiadaj\u0105 normom europejskim i krajowym. Firma umo\u017cliwia dostosowanie asortymentu do wymagaj\u0105cego grona odbiorc\u00f3w poprzez unikaln\u0105 mo\u017cliwo\u015b\u0107 personalizacji produkt\u00f3w. Nad\u0105\u017caj\u0105c za potrzebami rynku firma KOS Elektro System nie pozostaje w miejscu i dlatego te\u017c co rok poszerza ofert\u0119 o kolejne rozwi\u0105zania. Obecnie pracujemy nad pe\u0142n\u0105 unifikacj\u0105 mechanizm\u00f3w, ju\u017c dzi\u015b na mechanizmach naszej najta\u0144szej serii KOS66 jest mo\u017cliwo\u015b\u0107 zastosowania obud\u00f3w Vena i Vena2. Zapraszamy do wsp\u00f3\u0142pracy \u2026<\/p>\t\t\t\t\t\t\t\t<\/div>\n\t\t\t\t<\/div>\n\t\t\t\t\t<\/div>\n\t\t<\/div>\n\t\t\t\t\t<\/div>\n\t\t<\/section>\n\t\t\t\t<section class=\"elementor-section elementor-top-section elementor-element elementor-element-22d8f21 elementor-section-boxed elementor-section-height-default elementor-section-height-default\" data-id=\"22d8f21\" data-element_type=\"section\">\n\t\t\t\t\t\t<div class=\"elementor-container elementor-column-gap-default\">\n\t\t\t\t\t<div class=\"elementor-column elementor-col-100 elementor-top-column elementor-element elementor-element-968d78a\" data-id=\"968d78a\" data-element_type=\"column\">\n\t\t\t<div class=\"elementor-widget-wrap elementor-element-populated\">\n\t\t\t\t\t\t<div class=\"elementor-element elementor-element-2cf8f8d elementor-widget elementor-widget-spacer\" data-id=\"2cf8f8d\" data-element_type=\"widget\" data-widget_type=\"spacer.default\">\n\t\t\t\t<div class=\"elementor-widget-container\">\n\t\t\t\t\t\t\t<div class=\"elementor-spacer\">\n\t\t\t<div class=\"elementor-spacer-inner\"><\/div>\n\t\t<\/div>\n\t\t\t\t\t\t<\/div>\n\t\t\t\t<\/div>\n\t\t\t\t\t<\/div>\n\t\t<\/div>\n\t\t\t\t\t<\/div>\n\t\t<\/section>\n\t\t\t\t<\/div>\n\t\t","protected":false},"excerpt":{"rendered":"<p>kilka s\u0142\u00f3w O firmie Kos Elektro System dzia\u0142a na rynku od 1982, posiada ponad 37-letnie do\u015bwiadczenie w produkcji wysokiej jako\u015bci gniazdek, w\u0142\u0105cznik\u00f3w oraz system\u00f3w kontroli dost\u0119pu. Bogata, stale rozwijaj\u0105ca si\u0119 oferta ukierunkowana na wymagaj\u0105cych klient\u00f3w to elementy realizacji misji firmy, ubranej w has\u0142o: \u201ePi\u0119kno wkomponowane w SYSTEM\u201d Wszystkie dzia\u0142anie podporz\u0105dkowane s\u0105 tworzeniu rozwi\u0105za\u0144, kt\u00f3re \u0142\u0105cz\u0105 [&hellip;]<\/p>\n","protected":false},"author":1,"featured_media":0,"parent":0,"menu_order":0,"comment_status":"closed","ping_status":"closed","template":"elementor_header_footer","meta":{"footnotes":""},"class_list":["post-21","page","type-page","status-publish","hentry"],"_links":{"self":[{"href":"https:\/\/kos.pl\/index.php\/wp-json\/wp\/v2\/pages\/21","targetHints":{"allow":["GET"]}}],"collection":[{"href":"https:\/\/kos.pl\/index.php\/wp-json\/wp\/v2\/pages"}],"about":[{"href":"https:\/\/kos.pl\/index.php\/wp-json\/wp\/v2\/types\/page"}],"author":[{"embeddable":true,"href":"https:\/\/kos.pl\/index.php\/wp-json\/wp\/v2\/users\/1"}],"replies":[{"embeddable":true,"href":"https:\/\/kos.pl\/index.php\/wp-json\/wp\/v2\/comments?post=21"}],"version-history":[{"count":60,"href":"https:\/\/kos.pl\/index.php\/wp-json\/wp\/v2\/pages\/21\/revisions"}],"predecessor-version":[{"id":19740,"href":"https:\/\/kos.pl\/index.php\/wp-json\/wp\/v2\/pages\/21\/revisions\/19740"}],"wp:attachment":[{"href":"https:\/\/kos.pl\/index.php\/wp-json\/wp\/v2\/media?parent=21"}],"curies":[{"name":"wp","href":"https:\/\/api.w.org\/{rel}","templated":true}]}}