{"id":3513,"date":"2024-10-17T16:02:24","date_gmt":"2024-10-17T14:02:24","guid":{"rendered":"https:\/\/kos.pl\/nowa\/?page_id=3513"},"modified":"2025-09-18T10:44:06","modified_gmt":"2025-09-18T08:44:06","slug":"vena","status":"publish","type":"page","link":"https:\/\/kos.pl\/index.php\/oferta\/serie-podtynkowe\/vena\/","title":{"rendered":"Vena"},"content":{"rendered":"\t\t<div data-elementor-type=\"wp-page\" data-elementor-id=\"3513\" class=\"elementor elementor-3513\">\n\t\t\t\t\t\t<section class=\"elementor-section elementor-top-section elementor-element elementor-element-4f0bb4f elementor-section-full_width elementor-section-height-default elementor-section-height-default\" data-id=\"4f0bb4f\" data-element_type=\"section\">\n\t\t\t\t\t\t<div class=\"elementor-container elementor-column-gap-default\">\n\t\t\t\t\t<div class=\"elementor-column elementor-col-16 elementor-top-column elementor-element elementor-element-14a7b54\" data-id=\"14a7b54\" data-element_type=\"column\">\n\t\t\t<div class=\"elementor-widget-wrap elementor-element-populated\">\n\t\t\t\t\t\t<div class=\"elementor-element elementor-element-fd96534 elementor-widget elementor-widget-spacer\" data-id=\"fd96534\" data-element_type=\"widget\" data-widget_type=\"spacer.default\">\n\t\t\t\t<div class=\"elementor-widget-container\">\n\t\t\t\t\t\t\t<div class=\"elementor-spacer\">\n\t\t\t<div class=\"elementor-spacer-inner\"><\/div>\n\t\t<\/div>\n\t\t\t\t\t\t<\/div>\n\t\t\t\t<\/div>\n\t\t\t\t<div class=\"elementor-element elementor-element-130a75f elementor-widget elementor-widget-image\" data-id=\"130a75f\" data-element_type=\"widget\" data-widget_type=\"image.default\">\n\t\t\t\t<div class=\"elementor-widget-container\">\n\t\t\t\t\t\t\t\t\t\t\t\t\t\t\t\t<a href=\"https:\/\/kos.pl\/index.php\/oferta\/serie-podtynkowe\/vena\/\">\n\t\t\t\t\t\t\t<img decoding=\"async\" width=\"83\" height=\"100\" src=\"https:\/\/kos.pl\/wp-content\/uploads\/2024\/07\/icon_katalog1.png\" class=\"attachment-large size-large wp-image-2533\" alt=\"\" \/>\t\t\t\t\t\t\t\t<\/a>\n\t\t\t\t\t\t\t\t\t\t\t\t\t\t\t<\/div>\n\t\t\t\t<\/div>\n\t\t\t\t<div class=\"elementor-element elementor-element-2aa7bb8 elementor-widget elementor-widget-text-editor\" data-id=\"2aa7bb8\" data-element_type=\"widget\" data-widget_type=\"text-editor.default\">\n\t\t\t\t<div class=\"elementor-widget-container\">\n\t\t\t\t\t\t\t\t\t<h5><a href=\"https:\/\/kos.pl\/index.php\/oferta\/serie-podtynkowe\/vena\/\">Zalety<\/a><\/h5>\t\t\t\t\t\t\t\t<\/div>\n\t\t\t\t<\/div>\n\t\t\t\t\t<\/div>\n\t\t<\/div>\n\t\t\t\t<div class=\"elementor-column elementor-col-16 elementor-top-column elementor-element elementor-element-4a85c0e\" data-id=\"4a85c0e\" data-element_type=\"column\">\n\t\t\t<div class=\"elementor-widget-wrap elementor-element-populated\">\n\t\t\t\t\t\t<div class=\"elementor-element elementor-element-72b7102 elementor-widget elementor-widget-spacer\" data-id=\"72b7102\" data-element_type=\"widget\" data-widget_type=\"spacer.default\">\n\t\t\t\t<div class=\"elementor-widget-container\">\n\t\t\t\t\t\t\t<div class=\"elementor-spacer\">\n\t\t\t<div class=\"elementor-spacer-inner\"><\/div>\n\t\t<\/div>\n\t\t\t\t\t\t<\/div>\n\t\t\t\t<\/div>\n\t\t\t\t<div class=\"elementor-element elementor-element-0852d66 elementor-widget elementor-widget-image\" data-id=\"0852d66\" data-element_type=\"widget\" data-widget_type=\"image.default\">\n\t\t\t\t<div class=\"elementor-widget-container\">\n\t\t\t\t\t\t\t\t\t\t\t\t\t\t\t\t<a href=\"https:\/\/kos.pl\/index.php\/oferta\/serie-podtynkowe\/vena\/vena-kolory\/\">\n\t\t\t\t\t\t\t<img decoding=\"async\" width=\"83\" height=\"100\" src=\"https:\/\/kos.pl\/wp-content\/uploads\/2024\/07\/icon_dopobrania.png\" class=\"attachment-large size-large wp-image-2531\" alt=\"\" \/>\t\t\t\t\t\t\t\t<\/a>\n\t\t\t\t\t\t\t\t\t\t\t\t\t\t\t<\/div>\n\t\t\t\t<\/div>\n\t\t\t\t<div class=\"elementor-element elementor-element-d161ed5 elementor-widget elementor-widget-text-editor\" data-id=\"d161ed5\" data-element_type=\"widget\" data-widget_type=\"text-editor.default\">\n\t\t\t\t<div class=\"elementor-widget-container\">\n\t\t\t\t\t\t\t\t\t<h5><a href=\"https:\/\/kos.pl\/index.php\/oferta\/serie-podtynkowe\/vena\/vena-kolory\/\">Kolory<\/a><strong>\n<\/strong><\/h5>\t\t\t\t\t\t\t\t<\/div>\n\t\t\t\t<\/div>\n\t\t\t\t\t<\/div>\n\t\t<\/div>\n\t\t\t\t<div class=\"elementor-column elementor-col-16 elementor-top-column elementor-element elementor-element-e416807\" data-id=\"e416807\" data-element_type=\"column\">\n\t\t\t<div class=\"elementor-widget-wrap elementor-element-populated\">\n\t\t\t\t\t\t<div class=\"elementor-element elementor-element-dbae4dd elementor-widget elementor-widget-spacer\" data-id=\"dbae4dd\" data-element_type=\"widget\" data-widget_type=\"spacer.default\">\n\t\t\t\t<div class=\"elementor-widget-container\">\n\t\t\t\t\t\t\t<div class=\"elementor-spacer\">\n\t\t\t<div class=\"elementor-spacer-inner\"><\/div>\n\t\t<\/div>\n\t\t\t\t\t\t<\/div>\n\t\t\t\t<\/div>\n\t\t\t\t<div class=\"elementor-element elementor-element-a2ac653 elementor-widget elementor-widget-image\" data-id=\"a2ac653\" data-element_type=\"widget\" data-widget_type=\"image.default\">\n\t\t\t\t<div class=\"elementor-widget-container\">\n\t\t\t\t\t\t\t\t\t\t\t\t\t\t\t\t<a href=\"https:\/\/kos.pl\/index.php\/oferta\/serie-podtynkowe\/vena\/vena-produkty\/\">\n\t\t\t\t\t\t\t<img decoding=\"async\" width=\"97\" height=\"97\" src=\"https:\/\/kos.pl\/wp-content\/uploads\/2024\/08\/icon_produkty.png\" class=\"attachment-large size-large wp-image-2734\" alt=\"\" \/>\t\t\t\t\t\t\t\t<\/a>\n\t\t\t\t\t\t\t\t\t\t\t\t\t\t\t<\/div>\n\t\t\t\t<\/div>\n\t\t\t\t<div class=\"elementor-element elementor-element-4877c66 elementor-widget elementor-widget-text-editor\" data-id=\"4877c66\" data-element_type=\"widget\" data-widget_type=\"text-editor.default\">\n\t\t\t\t<div class=\"elementor-widget-container\">\n\t\t\t\t\t\t\t\t\t<h5><a href=\"https:\/\/kos.pl\/index.php\/oferta\/serie-podtynkowe\/vena\/vena-produkty\/\">Produkty<\/a><strong>\n<\/strong><\/h5>\t\t\t\t\t\t\t\t<\/div>\n\t\t\t\t<\/div>\n\t\t\t\t\t<\/div>\n\t\t<\/div>\n\t\t\t\t<div class=\"elementor-column elementor-col-16 elementor-top-column elementor-element elementor-element-d42b827\" data-id=\"d42b827\" data-element_type=\"column\">\n\t\t\t<div class=\"elementor-widget-wrap elementor-element-populated\">\n\t\t\t\t\t\t<div class=\"elementor-element elementor-element-021f3d3 elementor-widget elementor-widget-spacer\" data-id=\"021f3d3\" data-element_type=\"widget\" data-widget_type=\"spacer.default\">\n\t\t\t\t<div class=\"elementor-widget-container\">\n\t\t\t\t\t\t\t<div class=\"elementor-spacer\">\n\t\t\t<div class=\"elementor-spacer-inner\"><\/div>\n\t\t<\/div>\n\t\t\t\t\t\t<\/div>\n\t\t\t\t<\/div>\n\t\t\t\t<div class=\"elementor-element elementor-element-e876867 elementor-widget elementor-widget-image\" data-id=\"e876867\" data-element_type=\"widget\" data-widget_type=\"image.default\">\n\t\t\t\t<div class=\"elementor-widget-container\">\n\t\t\t\t\t\t\t\t\t\t\t\t\t\t\t\t<a href=\"https:\/\/kos.pl\/index.php\/oferta\/serie-podtynkowe\/vena\/vena-produkty\/\">\n\t\t\t\t\t\t\t<img loading=\"lazy\" decoding=\"async\" width=\"97\" height=\"97\" src=\"https:\/\/kos.pl\/wp-content\/uploads\/2024\/08\/ico_pobierz.png\" class=\"attachment-large size-large wp-image-2732\" alt=\"\" \/>\t\t\t\t\t\t\t\t<\/a>\n\t\t\t\t\t\t\t\t\t\t\t\t\t\t\t<\/div>\n\t\t\t\t<\/div>\n\t\t\t\t<div class=\"elementor-element elementor-element-fa12a82 elementor-widget elementor-widget-text-editor\" data-id=\"fa12a82\" data-element_type=\"widget\" data-widget_type=\"text-editor.default\">\n\t\t\t\t<div class=\"elementor-widget-container\">\n\t\t\t\t\t\t\t\t\t<h5><a href=\"https:\/\/kos.pl\/index.php\/oferta\/serie-podtynkowe\/vena\/vena-produkty\/\">Pobierz<\/a><\/h5>\t\t\t\t\t\t\t\t<\/div>\n\t\t\t\t<\/div>\n\t\t\t\t\t<\/div>\n\t\t<\/div>\n\t\t\t\t<div class=\"elementor-column elementor-col-16 elementor-top-column elementor-element elementor-element-0034122\" data-id=\"0034122\" data-element_type=\"column\">\n\t\t\t<div class=\"elementor-widget-wrap elementor-element-populated\">\n\t\t\t\t\t\t<div class=\"elementor-element elementor-element-39d0138 elementor-widget elementor-widget-spacer\" data-id=\"39d0138\" data-element_type=\"widget\" data-widget_type=\"spacer.default\">\n\t\t\t\t<div class=\"elementor-widget-container\">\n\t\t\t\t\t\t\t<div class=\"elementor-spacer\">\n\t\t\t<div class=\"elementor-spacer-inner\"><\/div>\n\t\t<\/div>\n\t\t\t\t\t\t<\/div>\n\t\t\t\t<\/div>\n\t\t\t\t<div class=\"elementor-element elementor-element-baa4290 elementor-widget elementor-widget-image\" data-id=\"baa4290\" data-element_type=\"widget\" data-widget_type=\"image.default\">\n\t\t\t\t<div class=\"elementor-widget-container\">\n\t\t\t\t\t\t\t\t\t\t\t\t\t\t\t\t<a href=\"https:\/\/kos.pl\/index.php\/oferta\/serie-podtynkowe\/vena\/vena-galeria\/\">\n\t\t\t\t\t\t\t<img loading=\"lazy\" decoding=\"async\" width=\"97\" height=\"97\" src=\"https:\/\/kos.pl\/wp-content\/uploads\/2024\/08\/icon_galeria.png\" class=\"attachment-large size-large wp-image-2733\" alt=\"\" \/>\t\t\t\t\t\t\t\t<\/a>\n\t\t\t\t\t\t\t\t\t\t\t\t\t\t\t<\/div>\n\t\t\t\t<\/div>\n\t\t\t\t<div class=\"elementor-element elementor-element-42799b8 elementor-widget elementor-widget-text-editor\" data-id=\"42799b8\" data-element_type=\"widget\" data-widget_type=\"text-editor.default\">\n\t\t\t\t<div class=\"elementor-widget-container\">\n\t\t\t\t\t\t\t\t\t<h5><a href=\"https:\/\/kos.pl\/index.php\/oferta\/serie-podtynkowe\/vena\/vena-galeria\/\">Galeria<\/a><\/h5>\t\t\t\t\t\t\t\t<\/div>\n\t\t\t\t<\/div>\n\t\t\t\t\t<\/div>\n\t\t<\/div>\n\t\t\t\t<div class=\"elementor-column elementor-col-16 elementor-top-column elementor-element elementor-element-06f197f\" data-id=\"06f197f\" data-element_type=\"column\">\n\t\t\t<div class=\"elementor-widget-wrap elementor-element-populated\">\n\t\t\t\t\t\t<div class=\"elementor-element elementor-element-9314aba elementor-widget elementor-widget-spacer\" data-id=\"9314aba\" data-element_type=\"widget\" data-widget_type=\"spacer.default\">\n\t\t\t\t<div class=\"elementor-widget-container\">\n\t\t\t\t\t\t\t<div class=\"elementor-spacer\">\n\t\t\t<div class=\"elementor-spacer-inner\"><\/div>\n\t\t<\/div>\n\t\t\t\t\t\t<\/div>\n\t\t\t\t<\/div>\n\t\t\t\t<div class=\"elementor-element elementor-element-87569e2 elementor-widget elementor-widget-image\" data-id=\"87569e2\" data-element_type=\"widget\" data-widget_type=\"image.default\">\n\t\t\t\t<div class=\"elementor-widget-container\">\n\t\t\t\t\t\t\t\t\t\t\t\t\t\t\t\t<a href=\"https:\/\/kos.pl\/index.php\/konfigurator\/\">\n\t\t\t\t\t\t\t<img loading=\"lazy\" decoding=\"async\" width=\"97\" height=\"97\" src=\"https:\/\/kos.pl\/wp-content\/uploads\/2024\/07\/icon_konfigurator.png\" class=\"attachment-large size-large wp-image-2534\" alt=\"\" \/>\t\t\t\t\t\t\t\t<\/a>\n\t\t\t\t\t\t\t\t\t\t\t\t\t\t\t<\/div>\n\t\t\t\t<\/div>\n\t\t\t\t<div class=\"elementor-element elementor-element-fb9da3d elementor-widget elementor-widget-text-editor\" data-id=\"fb9da3d\" data-element_type=\"widget\" data-widget_type=\"text-editor.default\">\n\t\t\t\t<div class=\"elementor-widget-container\">\n\t\t\t\t\t\t\t\t\t<h5><a href=\"https:\/\/kos.pl\/index.php\/konfigurator\/\">Konfigurator<\/a><\/h5>\t\t\t\t\t\t\t\t<\/div>\n\t\t\t\t<\/div>\n\t\t\t\t\t<\/div>\n\t\t<\/div>\n\t\t\t\t\t<\/div>\n\t\t<\/section>\n\t\t\t\t<section class=\"elementor-section elementor-top-section elementor-element elementor-element-3cafe7c elementor-section-boxed elementor-section-height-default elementor-section-height-default\" data-id=\"3cafe7c\" data-element_type=\"section\">\n\t\t\t\t\t\t<div class=\"elementor-container elementor-column-gap-default\">\n\t\t\t\t\t<div class=\"elementor-column elementor-col-100 elementor-top-column elementor-element elementor-element-f181752\" data-id=\"f181752\" data-element_type=\"column\">\n\t\t\t<div class=\"elementor-widget-wrap elementor-element-populated\">\n\t\t\t\t\t\t<div class=\"elementor-element elementor-element-d95aec2 elementor-widget elementor-widget-spacer\" data-id=\"d95aec2\" data-element_type=\"widget\" data-widget_type=\"spacer.default\">\n\t\t\t\t<div class=\"elementor-widget-container\">\n\t\t\t\t\t\t\t<div class=\"elementor-spacer\">\n\t\t\t<div class=\"elementor-spacer-inner\"><\/div>\n\t\t<\/div>\n\t\t\t\t\t\t<\/div>\n\t\t\t\t<\/div>\n\t\t\t\t\t<\/div>\n\t\t<\/div>\n\t\t\t\t\t<\/div>\n\t\t<\/section>\n\t\t\t\t<section class=\"elementor-section elementor-top-section elementor-element elementor-element-08f226b elementor-section-full_width elementor-section-stretched elementor-section-height-default elementor-section-height-default\" data-id=\"08f226b\" data-element_type=\"section\" data-settings=\"{&quot;stretch_section&quot;:&quot;section-stretched&quot;}\">\n\t\t\t\t\t\t<div class=\"elementor-container elementor-column-gap-default\">\n\t\t\t\t\t<div class=\"elementor-column elementor-col-50 elementor-top-column elementor-element elementor-element-a1e8e4e\" data-id=\"a1e8e4e\" data-element_type=\"column\">\n\t\t\t<div class=\"elementor-widget-wrap elementor-element-populated\">\n\t\t\t\t\t\t<div class=\"elementor-element elementor-element-05cc075 elementor-widget elementor-widget-image\" data-id=\"05cc075\" data-element_type=\"widget\" data-widget_type=\"image.default\">\n\t\t\t\t<div class=\"elementor-widget-container\">\n\t\t\t\t\t\t\t\t\t\t\t\t\t\t\t<img loading=\"lazy\" decoding=\"async\" width=\"853\" height=\"640\" src=\"https:\/\/kos.pl\/wp-content\/uploads\/2025\/01\/vena-zalety2a.jpg\" class=\"attachment-full size-full wp-image-9212\" alt=\"\" srcset=\"https:\/\/kos.pl\/wp-content\/uploads\/2025\/01\/vena-zalety2a.jpg 853w, https:\/\/kos.pl\/wp-content\/uploads\/2025\/01\/vena-zalety2a-300x225.jpg 300w, https:\/\/kos.pl\/wp-content\/uploads\/2025\/01\/vena-zalety2a-768x576.jpg 768w, https:\/\/kos.pl\/wp-content\/uploads\/2025\/01\/vena-zalety2a-570x428.jpg 570w\" sizes=\"(max-width: 853px) 100vw, 853px\" \/>\t\t\t\t\t\t\t\t\t\t\t\t\t\t\t<\/div>\n\t\t\t\t<\/div>\n\t\t\t\t\t<\/div>\n\t\t<\/div>\n\t\t\t\t<div class=\"elementor-column elementor-col-50 elementor-top-column elementor-element elementor-element-c67b7ec\" data-id=\"c67b7ec\" data-element_type=\"column\">\n\t\t\t<div class=\"elementor-widget-wrap elementor-element-populated\">\n\t\t\t\t\t\t<div class=\"elementor-element elementor-element-9569f4a elementor-widget elementor-widget-text-editor\" data-id=\"9569f4a\" data-element_type=\"widget\" data-widget_type=\"text-editor.default\">\n\t\t\t\t<div class=\"elementor-widget-container\">\n\t\t\t\t\t\t\t\t\t<h2 style=\"text-align: left;\"><span style=\"color: #ff0000;\">SERIA <strong>VENA<\/strong><\/span><\/h2><p>Seria Vena od KOS Elektro System \u2013 Po\u0142\u0105czenie Elegancji i Funkcjonalno\u015bci<\/p><p class=\"p2\">Poznaj seri\u0119 Vena od KOS Elektro System \u2013 kolekcj\u0119 ramek do gniazd i w\u0142\u0105cznik\u00f3w, kt\u00f3ra \u0142\u0105czy nowoczesny design z niezr\u00f3wnan\u0105 jako\u015bci\u0105. Stworzona z my\u015bl\u0105 o tych, kt\u00f3rzy ceni\u0105 sobie estetyk\u0119 i trwa\u0142o\u015b\u0107, seria Vena wprowadza do Twojego wn\u0119trza harmoni\u0119 i elegancj\u0119.<\/p>\t\t\t\t\t\t\t\t<\/div>\n\t\t\t\t<\/div>\n\t\t\t\t<div class=\"elementor-element elementor-element-853e4fa elementor-widget elementor-widget-treck-button\" data-id=\"853e4fa\" data-element_type=\"widget\" data-widget_type=\"treck-button.default\">\n\t\t\t\t<div class=\"elementor-widget-container\">\n\t\t\t\t\t    <div class=\"visa-details__btn-box\">\r\n        <a class=\"visa-details__btn thm-btn\" href=\"https:\/\/kos.pl\/index.php\/oferta\/serie-podtynkowe\/vena\/vena-produkty\/\"  >Zobacz wi\u0119cej<\/a>    <\/div>\r\n\t\t\t\t<\/div>\n\t\t\t\t<\/div>\n\t\t\t\t\t<\/div>\n\t\t<\/div>\n\t\t\t\t\t<\/div>\n\t\t<\/section>\n\t\t\t\t<section class=\"elementor-section elementor-top-section elementor-element elementor-element-cfc2099 elementor-section-full_width elementor-section-stretched elementor-section-height-default elementor-section-height-default\" data-id=\"cfc2099\" data-element_type=\"section\" data-settings=\"{&quot;stretch_section&quot;:&quot;section-stretched&quot;}\">\n\t\t\t\t\t\t<div class=\"elementor-container elementor-column-gap-default\">\n\t\t\t\t\t<div class=\"elementor-column elementor-col-50 elementor-top-column elementor-element elementor-element-a885b78\" data-id=\"a885b78\" data-element_type=\"column\">\n\t\t\t<div class=\"elementor-widget-wrap elementor-element-populated\">\n\t\t\t\t\t\t<div class=\"elementor-element elementor-element-52a0766 elementor-widget elementor-widget-image\" data-id=\"52a0766\" data-element_type=\"widget\" data-widget_type=\"image.default\">\n\t\t\t\t<div class=\"elementor-widget-container\">\n\t\t\t\t\t\t\t\t\t\t\t\t\t\t\t<img loading=\"lazy\" decoding=\"async\" width=\"853\" height=\"939\" src=\"https:\/\/kos.pl\/wp-content\/uploads\/2025\/01\/vena-zalety3.jpg\" class=\"attachment-full size-full wp-image-9213\" alt=\"\" srcset=\"https:\/\/kos.pl\/wp-content\/uploads\/2025\/01\/vena-zalety3.jpg 853w, https:\/\/kos.pl\/wp-content\/uploads\/2025\/01\/vena-zalety3-273x300.jpg 273w, https:\/\/kos.pl\/wp-content\/uploads\/2025\/01\/vena-zalety3-768x845.jpg 768w, https:\/\/kos.pl\/wp-content\/uploads\/2025\/01\/vena-zalety3-570x627.jpg 570w\" sizes=\"(max-width: 853px) 100vw, 853px\" \/>\t\t\t\t\t\t\t\t\t\t\t\t\t\t\t<\/div>\n\t\t\t\t<\/div>\n\t\t\t\t\t<\/div>\n\t\t<\/div>\n\t\t\t\t<div class=\"elementor-column elementor-col-50 elementor-top-column elementor-element elementor-element-d379645\" data-id=\"d379645\" data-element_type=\"column\">\n\t\t\t<div class=\"elementor-widget-wrap elementor-element-populated\">\n\t\t\t\t\t\t<div class=\"elementor-element elementor-element-315aa56 elementor-widget elementor-widget-text-editor\" data-id=\"315aa56\" data-element_type=\"widget\" data-widget_type=\"text-editor.default\">\n\t\t\t\t<div class=\"elementor-widget-container\">\n\t\t\t\t\t\t\t\t\t<h2><span style=\"color: #ff0000;\">Dlaczego warto wybra\u0107 Vena?<br \/><br \/><\/span><\/h2><p><strong>Wysokiej jako\u015bci materia\u0142y:<\/strong> Ramki Vena wykonane s\u0105 z najlepszych surowc\u00f3w, kt\u00f3re gwarantuj\u0105 nie tylko pi\u0119kny wygl\u0105d, ale tak\u017ce d\u0142ugowieczno\u015b\u0107. Dost\u0119pne s\u0105 w r\u00f3\u017cnych wariantach wyko\u0144czenia, w tym eleganckim drewnie, nowoczesnym tworzywie ASA oraz innych unikalnych materia\u0142ach.<\/p><p><strong>Stylowe wzornictwo:<\/strong> Seria Vena zosta\u0142a zaprojektowana z my\u015bl\u0105 o nowoczesnych wn\u0119trzach, gdzie liczy si\u0119 ka\u017cdy detal. Smuk\u0142e linie, subtelne kraw\u0119dzie i szeroka gama kolorystyczna pozwalaj\u0105 na idealne dopasowanie do ka\u017cdego stylu \u2013 od minimalistycznego po klasyczny.<\/p><p><strong>\u0141atwo\u015b\u0107 monta\u017cu:<\/strong> Produkty z serii Vena s\u0105 zaprojektowane z my\u015bl\u0105 o prostocie i funkcjonalno\u015bci. Intuicyjny system monta\u017cu sprawia, \u017ce instalacja ramek jest szybka i bezproblemowa.<\/p><p><strong>Wszechstronno\u015b\u0107:<\/strong> Niezale\u017cnie od tego, czy szukasz rozwi\u0105za\u0144 do salonu, kuchni, biura, czy \u0142azienki, ramki z serii Vena doskonale wpisz\u0105 si\u0119 w ka\u017cde wn\u0119trze, dodaj\u0105c mu wyj\u0105tkowego charakteru.<br \/><br \/><em><strong>Vana \u2013 Twoje wn\u0119trze, Tw\u00f3j styl<\/strong><\/em><br \/><br \/><\/p><p class=\"p1\">Z seri\u0105 Vena ka\u017cda przestrze\u0144 nabiera nowego wymiaru. Wybierz rozwi\u0105zania, kt\u00f3re podkre\u015bl\u0105 indywidualny charakter Twojego domu. Odkryj, jak perfekcyjnie dopasowane detale mog\u0105 odmieni\u0107 atmosfer\u0119 Twojego wn\u0119trza. Wybierz Vena od KOS Elektro System i ciesz si\u0119 elegancj\u0105, kt\u00f3ra przetrwa pr\u00f3b\u0119 czasu.<\/p><p class=\"p1\">Cechy charakterystyczne: \u0142agodne kraw\u0119dzie, zaokr\u0105glony<span class=\"Apple-converted-space\">\u00a0 <\/span>kszta\u0142t naro\u017cnik\u00f3w<\/p><p class=\"p1\">Seria: vena tworzywo i vena matel<\/p>\t\t\t\t\t\t\t\t<\/div>\n\t\t\t\t<\/div>\n\t\t\t\t\t<\/div>\n\t\t<\/div>\n\t\t\t\t\t<\/div>\n\t\t<\/section>\n\t\t\t\t<\/div>\n\t\t","protected":false},"excerpt":{"rendered":"<p>Zalety Kolory Produkty Pobierz Galeria Konfigurator SERIA VENA Seria Vena od KOS Elektro System \u2013 Po\u0142\u0105czenie Elegancji i Funkcjonalno\u015bci Poznaj seri\u0119 Vena od KOS Elektro System \u2013 kolekcj\u0119 ramek do gniazd i w\u0142\u0105cznik\u00f3w, kt\u00f3ra \u0142\u0105czy nowoczesny design z niezr\u00f3wnan\u0105 jako\u015bci\u0105. Stworzona z my\u015bl\u0105 o tych, kt\u00f3rzy ceni\u0105 sobie estetyk\u0119 i trwa\u0142o\u015b\u0107, seria Vena wprowadza do [&hellip;]<\/p>\n","protected":false},"author":1,"featured_media":0,"parent":691,"menu_order":0,"comment_status":"closed","ping_status":"closed","template":"elementor_header_footer","meta":{"footnotes":""},"class_list":["post-3513","page","type-page","status-publish","hentry"],"_links":{"self":[{"href":"https:\/\/kos.pl\/index.php\/wp-json\/wp\/v2\/pages\/3513","targetHints":{"allow":["GET"]}}],"collection":[{"href":"https:\/\/kos.pl\/index.php\/wp-json\/wp\/v2\/pages"}],"about":[{"href":"https:\/\/kos.pl\/index.php\/wp-json\/wp\/v2\/types\/page"}],"author":[{"embeddable":true,"href":"https:\/\/kos.pl\/index.php\/wp-json\/wp\/v2\/users\/1"}],"replies":[{"embeddable":true,"href":"https:\/\/kos.pl\/index.php\/wp-json\/wp\/v2\/comments?post=3513"}],"version-history":[{"count":35,"href":"https:\/\/kos.pl\/index.php\/wp-json\/wp\/v2\/pages\/3513\/revisions"}],"predecessor-version":[{"id":18898,"href":"https:\/\/kos.pl\/index.php\/wp-json\/wp\/v2\/pages\/3513\/revisions\/18898"}],"up":[{"embeddable":true,"href":"https:\/\/kos.pl\/index.php\/wp-json\/wp\/v2\/pages\/691"}],"wp:attachment":[{"href":"https:\/\/kos.pl\/index.php\/wp-json\/wp\/v2\/media?parent=3513"}],"curies":[{"name":"wp","href":"https:\/\/api.w.org\/{rel}","templated":true}]}}