{"id":3587,"date":"2024-10-18T13:21:03","date_gmt":"2024-10-18T11:21:03","guid":{"rendered":"https:\/\/kos.pl\/nowa\/?page_id=3587"},"modified":"2025-09-15T12:42:11","modified_gmt":"2025-09-15T10:42:11","slug":"kos45","status":"publish","type":"page","link":"https:\/\/kos.pl\/index.php\/oferta\/seria-modulowa\/kos45\/","title":{"rendered":"Kos45"},"content":{"rendered":"\t\t<div data-elementor-type=\"wp-page\" data-elementor-id=\"3587\" class=\"elementor elementor-3587\">\n\t\t\t\t\t\t<section class=\"elementor-section elementor-top-section elementor-element elementor-element-2f6cb24 elementor-section-full_width elementor-section-height-default elementor-section-height-default\" data-id=\"2f6cb24\" data-element_type=\"section\">\n\t\t\t\t\t\t<div class=\"elementor-container elementor-column-gap-default\">\n\t\t\t\t\t<div class=\"elementor-column elementor-col-25 elementor-top-column elementor-element elementor-element-ebfd985\" data-id=\"ebfd985\" data-element_type=\"column\">\n\t\t\t<div class=\"elementor-widget-wrap elementor-element-populated\">\n\t\t\t\t\t\t<div class=\"elementor-element elementor-element-8eaca87 elementor-widget elementor-widget-spacer\" data-id=\"8eaca87\" data-element_type=\"widget\" data-widget_type=\"spacer.default\">\n\t\t\t\t<div class=\"elementor-widget-container\">\n\t\t\t\t\t\t\t<div class=\"elementor-spacer\">\n\t\t\t<div class=\"elementor-spacer-inner\"><\/div>\n\t\t<\/div>\n\t\t\t\t\t\t<\/div>\n\t\t\t\t<\/div>\n\t\t\t\t<div class=\"elementor-element elementor-element-fb7f7b3 elementor-widget elementor-widget-image\" data-id=\"fb7f7b3\" data-element_type=\"widget\" data-widget_type=\"image.default\">\n\t\t\t\t<div class=\"elementor-widget-container\">\n\t\t\t\t\t\t\t\t\t\t\t\t\t\t\t\t<a href=\"https:\/\/kos.pl\/index.php\/oferta\/seria-modulowa\/kos45\/\">\n\t\t\t\t\t\t\t<img decoding=\"async\" width=\"97\" height=\"97\" src=\"https:\/\/kos.pl\/wp-content\/uploads\/2024\/08\/icon_produkty.png\" class=\"attachment-large size-large wp-image-2734\" alt=\"\" \/>\t\t\t\t\t\t\t\t<\/a>\n\t\t\t\t\t\t\t\t\t\t\t\t\t\t\t<\/div>\n\t\t\t\t<\/div>\n\t\t\t\t<div class=\"elementor-element elementor-element-52250c4 elementor-widget elementor-widget-text-editor\" data-id=\"52250c4\" data-element_type=\"widget\" data-widget_type=\"text-editor.default\">\n\t\t\t\t<div class=\"elementor-widget-container\">\n\t\t\t\t\t\t\t\t\t<h5><a href=\"https:\/\/kos.pl\/index.php\/oferta\/seria-modulowa\/kos45\/\">Produkty<\/a><strong>\n<\/strong><\/h5>\t\t\t\t\t\t\t\t<\/div>\n\t\t\t\t<\/div>\n\t\t\t\t\t<\/div>\n\t\t<\/div>\n\t\t\t\t<div class=\"elementor-column elementor-col-25 elementor-top-column elementor-element elementor-element-e8172c8\" data-id=\"e8172c8\" data-element_type=\"column\">\n\t\t\t<div class=\"elementor-widget-wrap elementor-element-populated\">\n\t\t\t\t\t\t<div class=\"elementor-element elementor-element-0524c97 elementor-widget elementor-widget-spacer\" data-id=\"0524c97\" data-element_type=\"widget\" data-widget_type=\"spacer.default\">\n\t\t\t\t<div class=\"elementor-widget-container\">\n\t\t\t\t\t\t\t<div class=\"elementor-spacer\">\n\t\t\t<div class=\"elementor-spacer-inner\"><\/div>\n\t\t<\/div>\n\t\t\t\t\t\t<\/div>\n\t\t\t\t<\/div>\n\t\t\t\t<div class=\"elementor-element elementor-element-a25d689 elementor-widget elementor-widget-image\" data-id=\"a25d689\" data-element_type=\"widget\" data-widget_type=\"image.default\">\n\t\t\t\t<div class=\"elementor-widget-container\">\n\t\t\t\t\t\t\t\t\t\t\t\t\t\t\t\t<a href=\"https:\/\/kos.pl\/index.php\/oferta\/seria-modulowa\/kos45\/kos45-pobierz\/\">\n\t\t\t\t\t\t\t<img decoding=\"async\" width=\"97\" height=\"97\" src=\"https:\/\/kos.pl\/wp-content\/uploads\/2024\/08\/ico_pobierz.png\" class=\"attachment-large size-large wp-image-2732\" alt=\"\" \/>\t\t\t\t\t\t\t\t<\/a>\n\t\t\t\t\t\t\t\t\t\t\t\t\t\t\t<\/div>\n\t\t\t\t<\/div>\n\t\t\t\t<div class=\"elementor-element elementor-element-32414d2 elementor-widget elementor-widget-text-editor\" data-id=\"32414d2\" data-element_type=\"widget\" data-widget_type=\"text-editor.default\">\n\t\t\t\t<div class=\"elementor-widget-container\">\n\t\t\t\t\t\t\t\t\t<h5><a href=\"https:\/\/kos.pl\/index.php\/oferta\/seria-modulowa\/kos45\/kos45-pobierz\/\">Pobierz<\/a><\/h5>\t\t\t\t\t\t\t\t<\/div>\n\t\t\t\t<\/div>\n\t\t\t\t\t<\/div>\n\t\t<\/div>\n\t\t\t\t<div class=\"elementor-column elementor-col-25 elementor-top-column elementor-element elementor-element-0afcad3\" data-id=\"0afcad3\" data-element_type=\"column\">\n\t\t\t<div class=\"elementor-widget-wrap elementor-element-populated\">\n\t\t\t\t\t\t<div class=\"elementor-element elementor-element-5ab586c elementor-widget elementor-widget-spacer\" data-id=\"5ab586c\" data-element_type=\"widget\" data-widget_type=\"spacer.default\">\n\t\t\t\t<div class=\"elementor-widget-container\">\n\t\t\t\t\t\t\t<div class=\"elementor-spacer\">\n\t\t\t<div class=\"elementor-spacer-inner\"><\/div>\n\t\t<\/div>\n\t\t\t\t\t\t<\/div>\n\t\t\t\t<\/div>\n\t\t\t\t<div class=\"elementor-element elementor-element-a05d39e elementor-widget elementor-widget-image\" data-id=\"a05d39e\" data-element_type=\"widget\" data-widget_type=\"image.default\">\n\t\t\t\t<div class=\"elementor-widget-container\">\n\t\t\t\t\t\t\t\t\t\t\t\t\t\t\t\t<a href=\"https:\/\/kos.pl\/index.php\/oferta\/seria-modulowa\/kos45\/kos45-galeria\/\">\n\t\t\t\t\t\t\t<img decoding=\"async\" width=\"97\" height=\"97\" src=\"https:\/\/kos.pl\/wp-content\/uploads\/2024\/08\/icon_galeria.png\" class=\"attachment-large size-large wp-image-2733\" alt=\"\" \/>\t\t\t\t\t\t\t\t<\/a>\n\t\t\t\t\t\t\t\t\t\t\t\t\t\t\t<\/div>\n\t\t\t\t<\/div>\n\t\t\t\t<div class=\"elementor-element elementor-element-03093bf elementor-widget elementor-widget-text-editor\" data-id=\"03093bf\" data-element_type=\"widget\" data-widget_type=\"text-editor.default\">\n\t\t\t\t<div class=\"elementor-widget-container\">\n\t\t\t\t\t\t\t\t\t<h5><a href=\"https:\/\/kos.pl\/index.php\/oferta\/seria-modulowa\/kos45\/kos45-galeria\/\">Galeria<\/a><\/h5>\t\t\t\t\t\t\t\t<\/div>\n\t\t\t\t<\/div>\n\t\t\t\t\t<\/div>\n\t\t<\/div>\n\t\t\t\t<div class=\"elementor-column elementor-col-25 elementor-top-column elementor-element elementor-element-34c6992\" data-id=\"34c6992\" data-element_type=\"column\">\n\t\t\t<div class=\"elementor-widget-wrap elementor-element-populated\">\n\t\t\t\t\t\t<div class=\"elementor-element elementor-element-7187548 elementor-widget elementor-widget-spacer\" data-id=\"7187548\" data-element_type=\"widget\" data-widget_type=\"spacer.default\">\n\t\t\t\t<div class=\"elementor-widget-container\">\n\t\t\t\t\t\t\t<div class=\"elementor-spacer\">\n\t\t\t<div class=\"elementor-spacer-inner\"><\/div>\n\t\t<\/div>\n\t\t\t\t\t\t<\/div>\n\t\t\t\t<\/div>\n\t\t\t\t<div class=\"elementor-element elementor-element-f004e56 elementor-widget elementor-widget-image\" data-id=\"f004e56\" data-element_type=\"widget\" data-widget_type=\"image.default\">\n\t\t\t\t<div class=\"elementor-widget-container\">\n\t\t\t\t\t\t\t\t\t\t\t\t\t\t\t\t<a href=\"https:\/\/kos.pl\/index.php\/konfigurator\/\">\n\t\t\t\t\t\t\t<img loading=\"lazy\" decoding=\"async\" width=\"97\" height=\"97\" src=\"https:\/\/kos.pl\/wp-content\/uploads\/2024\/07\/icon_konfigurator.png\" class=\"attachment-large size-large wp-image-2534\" alt=\"\" \/>\t\t\t\t\t\t\t\t<\/a>\n\t\t\t\t\t\t\t\t\t\t\t\t\t\t\t<\/div>\n\t\t\t\t<\/div>\n\t\t\t\t<div class=\"elementor-element elementor-element-c10c4c8 elementor-widget elementor-widget-text-editor\" data-id=\"c10c4c8\" data-element_type=\"widget\" data-widget_type=\"text-editor.default\">\n\t\t\t\t<div class=\"elementor-widget-container\">\n\t\t\t\t\t\t\t\t\t<h5>Konfigurator<\/h5>\t\t\t\t\t\t\t\t<\/div>\n\t\t\t\t<\/div>\n\t\t\t\t\t<\/div>\n\t\t<\/div>\n\t\t\t\t\t<\/div>\n\t\t<\/section>\n\t\t\t\t<section class=\"elementor-section elementor-top-section elementor-element elementor-element-e9d84b0 elementor-section-boxed elementor-section-height-default elementor-section-height-default\" data-id=\"e9d84b0\" data-element_type=\"section\">\n\t\t\t\t\t\t<div class=\"elementor-container elementor-column-gap-default\">\n\t\t\t\t\t<div class=\"elementor-column elementor-col-100 elementor-top-column elementor-element elementor-element-337a8c5\" data-id=\"337a8c5\" data-element_type=\"column\">\n\t\t\t<div class=\"elementor-widget-wrap elementor-element-populated\">\n\t\t\t\t\t\t<div class=\"elementor-element elementor-element-59a9b10 elementor-widget elementor-widget-spacer\" data-id=\"59a9b10\" data-element_type=\"widget\" data-widget_type=\"spacer.default\">\n\t\t\t\t<div class=\"elementor-widget-container\">\n\t\t\t\t\t\t\t<div class=\"elementor-spacer\">\n\t\t\t<div class=\"elementor-spacer-inner\"><\/div>\n\t\t<\/div>\n\t\t\t\t\t\t<\/div>\n\t\t\t\t<\/div>\n\t\t\t\t\t<\/div>\n\t\t<\/div>\n\t\t\t\t\t<\/div>\n\t\t<\/section>\n\t\t\t\t<section class=\"elementor-section elementor-top-section elementor-element elementor-element-09d9c38 elementor-section-full_width elementor-section-height-default elementor-section-height-default\" data-id=\"09d9c38\" data-element_type=\"section\">\n\t\t\t\t\t\t<div class=\"elementor-container elementor-column-gap-default\">\n\t\t\t\t\t<div class=\"elementor-column elementor-col-20 elementor-top-column elementor-element elementor-element-12265fe\" data-id=\"12265fe\" data-element_type=\"column\">\n\t\t\t<div class=\"elementor-widget-wrap elementor-element-populated\">\n\t\t\t\t\t\t<div class=\"elementor-element elementor-element-458a581 elementor-widget elementor-widget-image\" data-id=\"458a581\" data-element_type=\"widget\" data-widget_type=\"image.default\">\n\t\t\t\t<div class=\"elementor-widget-container\">\n\t\t\t\t\t\t\t\t\t\t\t\t<figure class=\"wp-caption\">\n\t\t\t\t\t\t\t\t\t\t\t<a href=\"https:\/\/kos.pl\/index.php\/oferta\/seria-modulowa\/kos45\/moduly-lacznikow-i-przyciskow\/\">\n\t\t\t\t\t\t\t<img loading=\"lazy\" decoding=\"async\" width=\"300\" height=\"299\" src=\"https:\/\/kos.pl\/wp-content\/uploads\/2025\/06\/kos45-laczniki300.jpg\" class=\"attachment-large size-large wp-image-17388\" alt=\"\" srcset=\"https:\/\/kos.pl\/wp-content\/uploads\/2025\/06\/kos45-laczniki300.jpg 300w, https:\/\/kos.pl\/wp-content\/uploads\/2025\/06\/kos45-laczniki300-150x150.jpg 150w, https:\/\/kos.pl\/wp-content\/uploads\/2025\/06\/kos45-laczniki300-270x270.jpg 270w, https:\/\/kos.pl\/wp-content\/uploads\/2025\/06\/kos45-laczniki300-100x100.jpg 100w\" sizes=\"(max-width: 300px) 100vw, 300px\" \/>\t\t\t\t\t\t\t\t<\/a>\n\t\t\t\t\t\t\t\t\t\t\t<figcaption class=\"widget-image-caption wp-caption-text\">MODU\u0141Y \u0141\u0104CZNIK\u00d3W I PRZYCISK\u00d3W<BR>tworzywo<\/figcaption>\n\t\t\t\t\t\t\t\t\t\t<\/figure>\n\t\t\t\t\t\t\t\t\t<\/div>\n\t\t\t\t<\/div>\n\t\t\t\t\t<\/div>\n\t\t<\/div>\n\t\t\t\t<div class=\"elementor-column elementor-col-20 elementor-top-column elementor-element elementor-element-6384657\" data-id=\"6384657\" data-element_type=\"column\">\n\t\t\t<div class=\"elementor-widget-wrap elementor-element-populated\">\n\t\t\t\t\t\t<div class=\"elementor-element elementor-element-28171f2 elementor-widget elementor-widget-image\" data-id=\"28171f2\" data-element_type=\"widget\" data-widget_type=\"image.default\">\n\t\t\t\t<div class=\"elementor-widget-container\">\n\t\t\t\t\t\t\t\t\t\t\t\t<figure class=\"wp-caption\">\n\t\t\t\t\t\t\t\t\t\t\t<a href=\"https:\/\/kos.pl\/index.php\/oferta\/seria-modulowa\/kos45\/moduly-gniazd-wtynkowych\/\">\n\t\t\t\t\t\t\t<img loading=\"lazy\" decoding=\"async\" width=\"640\" height=\"634\" src=\"https:\/\/kos.pl\/wp-content\/uploads\/2025\/05\/350434.jpg\" class=\"attachment-large size-large wp-image-13526\" alt=\"\" srcset=\"https:\/\/kos.pl\/wp-content\/uploads\/2025\/05\/350434.jpg 807w, https:\/\/kos.pl\/wp-content\/uploads\/2025\/05\/350434-300x297.jpg 300w, https:\/\/kos.pl\/wp-content\/uploads\/2025\/05\/350434-150x150.jpg 150w, https:\/\/kos.pl\/wp-content\/uploads\/2025\/05\/350434-768x761.jpg 768w, https:\/\/kos.pl\/wp-content\/uploads\/2025\/05\/350434-570x565.jpg 570w, https:\/\/kos.pl\/wp-content\/uploads\/2025\/05\/350434-100x100.jpg 100w\" sizes=\"(max-width: 640px) 100vw, 640px\" \/>\t\t\t\t\t\t\t\t<\/a>\n\t\t\t\t\t\t\t\t\t\t\t<figcaption class=\"widget-image-caption wp-caption-text\">GNIAZDA WTYNKOWE<BR>tworzywo<\/figcaption>\n\t\t\t\t\t\t\t\t\t\t<\/figure>\n\t\t\t\t\t\t\t\t\t<\/div>\n\t\t\t\t<\/div>\n\t\t\t\t\t<\/div>\n\t\t<\/div>\n\t\t\t\t<div class=\"elementor-column elementor-col-20 elementor-top-column elementor-element elementor-element-f9129d7\" data-id=\"f9129d7\" data-element_type=\"column\">\n\t\t\t<div class=\"elementor-widget-wrap elementor-element-populated\">\n\t\t\t\t\t\t<div class=\"elementor-element elementor-element-411b80d elementor-widget elementor-widget-image\" data-id=\"411b80d\" data-element_type=\"widget\" data-widget_type=\"image.default\">\n\t\t\t\t<div class=\"elementor-widget-container\">\n\t\t\t\t\t\t\t\t\t\t\t\t<figure class=\"wp-caption\">\n\t\t\t\t\t\t\t\t\t\t\t<a href=\"https:\/\/kos.pl\/index.php\/oferta\/seria-modulowa\/kos45\/moduly-gniazd-specjalistycznych\/\">\n\t\t\t\t\t\t\t<img loading=\"lazy\" decoding=\"async\" width=\"640\" height=\"635\" src=\"https:\/\/kos.pl\/wp-content\/uploads\/2025\/05\/350463_1.png\" class=\"attachment-large size-large wp-image-13551\" alt=\"\" srcset=\"https:\/\/kos.pl\/wp-content\/uploads\/2025\/05\/350463_1.png 706w, https:\/\/kos.pl\/wp-content\/uploads\/2025\/05\/350463_1-300x297.png 300w, https:\/\/kos.pl\/wp-content\/uploads\/2025\/05\/350463_1-150x150.png 150w, https:\/\/kos.pl\/wp-content\/uploads\/2025\/05\/350463_1-570x565.png 570w, https:\/\/kos.pl\/wp-content\/uploads\/2025\/05\/350463_1-100x100.png 100w\" sizes=\"(max-width: 640px) 100vw, 640px\" \/>\t\t\t\t\t\t\t\t<\/a>\n\t\t\t\t\t\t\t\t\t\t\t<figcaption class=\"widget-image-caption wp-caption-text\">GNIAZDA SPECJALISTYCZNE<BR>tworzywo<\/figcaption>\n\t\t\t\t\t\t\t\t\t\t<\/figure>\n\t\t\t\t\t\t\t\t\t<\/div>\n\t\t\t\t<\/div>\n\t\t\t\t\t<\/div>\n\t\t<\/div>\n\t\t\t\t<div class=\"elementor-column elementor-col-20 elementor-top-column elementor-element elementor-element-0d7bd15\" data-id=\"0d7bd15\" data-element_type=\"column\">\n\t\t\t<div class=\"elementor-widget-wrap elementor-element-populated\">\n\t\t\t\t\t\t<div class=\"elementor-element elementor-element-549ccab elementor-widget elementor-widget-image\" data-id=\"549ccab\" data-element_type=\"widget\" data-widget_type=\"image.default\">\n\t\t\t\t<div class=\"elementor-widget-container\">\n\t\t\t\t\t\t\t\t\t\t\t\t<figure class=\"wp-caption\">\n\t\t\t\t\t\t\t\t\t\t\t<a href=\"https:\/\/kos.pl\/index.php\/oferta\/seria-modulowa\/kos45\/ramki-i-puszki-natynkowe\/\">\n\t\t\t\t\t\t\t<img loading=\"lazy\" decoding=\"async\" width=\"640\" height=\"647\" src=\"https:\/\/kos.pl\/wp-content\/uploads\/2025\/05\/350446.png\" class=\"attachment-large size-large wp-image-13579\" alt=\"\" srcset=\"https:\/\/kos.pl\/wp-content\/uploads\/2025\/05\/350446.png 692w, https:\/\/kos.pl\/wp-content\/uploads\/2025\/05\/350446-297x300.png 297w, https:\/\/kos.pl\/wp-content\/uploads\/2025\/05\/350446-570x577.png 570w, https:\/\/kos.pl\/wp-content\/uploads\/2025\/05\/350446-100x100.png 100w\" sizes=\"(max-width: 640px) 100vw, 640px\" \/>\t\t\t\t\t\t\t\t<\/a>\n\t\t\t\t\t\t\t\t\t\t\t<figcaption class=\"widget-image-caption wp-caption-text\">RAMKI I PUSZKI NATYNKOWE<BR>tworzywo<\/figcaption>\n\t\t\t\t\t\t\t\t\t\t<\/figure>\n\t\t\t\t\t\t\t\t\t<\/div>\n\t\t\t\t<\/div>\n\t\t\t\t\t<\/div>\n\t\t<\/div>\n\t\t\t\t<div class=\"elementor-column elementor-col-20 elementor-top-column elementor-element elementor-element-f866dc6\" data-id=\"f866dc6\" data-element_type=\"column\">\n\t\t\t<div class=\"elementor-widget-wrap elementor-element-populated\">\n\t\t\t\t\t\t<div class=\"elementor-element elementor-element-46f6756 elementor-widget elementor-widget-image\" data-id=\"46f6756\" data-element_type=\"widget\" data-widget_type=\"image.default\">\n\t\t\t\t<div class=\"elementor-widget-container\">\n\t\t\t\t\t\t\t\t\t\t\t\t<figure class=\"wp-caption\">\n\t\t\t\t\t\t\t\t\t\t\t<a href=\"https:\/\/kos.pl\/index.php\/oferta\/seria-modulowa\/kos45\/akcesoria\/\">\n\t\t\t\t\t\t\t<img loading=\"lazy\" decoding=\"async\" width=\"640\" height=\"639\" src=\"https:\/\/kos.pl\/wp-content\/uploads\/2025\/05\/350480.png\" class=\"attachment-large size-large wp-image-13565\" alt=\"\" srcset=\"https:\/\/kos.pl\/wp-content\/uploads\/2025\/05\/350480.png 701w, https:\/\/kos.pl\/wp-content\/uploads\/2025\/05\/350480-300x300.png 300w, https:\/\/kos.pl\/wp-content\/uploads\/2025\/05\/350480-150x150.png 150w, https:\/\/kos.pl\/wp-content\/uploads\/2025\/05\/350480-270x270.png 270w, https:\/\/kos.pl\/wp-content\/uploads\/2025\/05\/350480-570x569.png 570w, https:\/\/kos.pl\/wp-content\/uploads\/2025\/05\/350480-100x100.png 100w, https:\/\/kos.pl\/wp-content\/uploads\/2025\/05\/350480-460x460.png 460w\" sizes=\"(max-width: 640px) 100vw, 640px\" \/>\t\t\t\t\t\t\t\t<\/a>\n\t\t\t\t\t\t\t\t\t\t\t<figcaption class=\"widget-image-caption wp-caption-text\">AKCESORIA<BR>tworzywo<\/figcaption>\n\t\t\t\t\t\t\t\t\t\t<\/figure>\n\t\t\t\t\t\t\t\t\t<\/div>\n\t\t\t\t<\/div>\n\t\t\t\t\t<\/div>\n\t\t<\/div>\n\t\t\t\t\t<\/div>\n\t\t<\/section>\n\t\t\t\t<section class=\"elementor-section elementor-top-section elementor-element elementor-element-b589aa7 elementor-section-full_width elementor-section-height-default elementor-section-height-default\" data-id=\"b589aa7\" data-element_type=\"section\">\n\t\t\t\t\t\t<div class=\"elementor-container elementor-column-gap-default\">\n\t\t\t\t\t<div class=\"elementor-column elementor-col-20 elementor-top-column elementor-element elementor-element-2841942\" data-id=\"2841942\" data-element_type=\"column\">\n\t\t\t<div class=\"elementor-widget-wrap elementor-element-populated\">\n\t\t\t\t\t\t<div class=\"elementor-element elementor-element-353f589 elementor-widget elementor-widget-image\" data-id=\"353f589\" data-element_type=\"widget\" data-widget_type=\"image.default\">\n\t\t\t\t<div class=\"elementor-widget-container\">\n\t\t\t\t\t\t\t\t\t\t\t\t<figure class=\"wp-caption\">\n\t\t\t\t\t\t\t\t\t\t\t<a href=\"https:\/\/kos.pl\/index.php\/oferta\/seria-modulowa\/kos45\/moduly-keystone\/\">\n\t\t\t\t\t\t\t<img loading=\"lazy\" decoding=\"async\" width=\"600\" height=\"700\" src=\"https:\/\/kos.pl\/wp-content\/uploads\/2025\/05\/500463.png\" class=\"attachment-large size-large wp-image-13601\" alt=\"\" srcset=\"https:\/\/kos.pl\/wp-content\/uploads\/2025\/05\/500463.png 600w, https:\/\/kos.pl\/wp-content\/uploads\/2025\/05\/500463-257x300.png 257w, https:\/\/kos.pl\/wp-content\/uploads\/2025\/05\/500463-570x665.png 570w\" sizes=\"(max-width: 600px) 100vw, 600px\" \/>\t\t\t\t\t\t\t\t<\/a>\n\t\t\t\t\t\t\t\t\t\t\t<figcaption class=\"widget-image-caption wp-caption-text\">MODU\u0141Y KEYSTONE<BR>tworzywo<\/figcaption>\n\t\t\t\t\t\t\t\t\t\t<\/figure>\n\t\t\t\t\t\t\t\t\t<\/div>\n\t\t\t\t<\/div>\n\t\t\t\t\t<\/div>\n\t\t<\/div>\n\t\t\t\t<div class=\"elementor-column elementor-col-20 elementor-top-column elementor-element elementor-element-267bcc6\" data-id=\"267bcc6\" data-element_type=\"column\">\n\t\t\t<div class=\"elementor-widget-wrap\">\n\t\t\t\t\t\t\t<\/div>\n\t\t<\/div>\n\t\t\t\t<div class=\"elementor-column elementor-col-20 elementor-top-column elementor-element elementor-element-2005d79\" data-id=\"2005d79\" data-element_type=\"column\">\n\t\t\t<div class=\"elementor-widget-wrap\">\n\t\t\t\t\t\t\t<\/div>\n\t\t<\/div>\n\t\t\t\t<div class=\"elementor-column elementor-col-20 elementor-top-column elementor-element elementor-element-06c351a\" data-id=\"06c351a\" data-element_type=\"column\">\n\t\t\t<div class=\"elementor-widget-wrap\">\n\t\t\t\t\t\t\t<\/div>\n\t\t<\/div>\n\t\t\t\t<div class=\"elementor-column elementor-col-20 elementor-top-column elementor-element elementor-element-a9cefbd\" data-id=\"a9cefbd\" data-element_type=\"column\">\n\t\t\t<div class=\"elementor-widget-wrap\">\n\t\t\t\t\t\t\t<\/div>\n\t\t<\/div>\n\t\t\t\t\t<\/div>\n\t\t<\/section>\n\t\t\t\t<\/div>\n\t\t","protected":false},"excerpt":{"rendered":"<p>Produkty Pobierz Galeria Konfigurator MODU\u0141Y \u0141\u0104CZNIK\u00d3W I PRZYCISK\u00d3Wtworzywo GNIAZDA WTYNKOWEtworzywo GNIAZDA SPECJALISTYCZNEtworzywo RAMKI I PUSZKI NATYNKOWEtworzywo AKCESORIAtworzywo MODU\u0141Y KEYSTONEtworzywo<\/p>\n","protected":false},"author":1,"featured_media":0,"parent":3698,"menu_order":0,"comment_status":"closed","ping_status":"closed","template":"elementor_header_footer","meta":{"footnotes":""},"class_list":["post-3587","page","type-page","status-publish","hentry"],"_links":{"self":[{"href":"https:\/\/kos.pl\/index.php\/wp-json\/wp\/v2\/pages\/3587","targetHints":{"allow":["GET"]}}],"collection":[{"href":"https:\/\/kos.pl\/index.php\/wp-json\/wp\/v2\/pages"}],"about":[{"href":"https:\/\/kos.pl\/index.php\/wp-json\/wp\/v2\/types\/page"}],"author":[{"embeddable":true,"href":"https:\/\/kos.pl\/index.php\/wp-json\/wp\/v2\/users\/1"}],"replies":[{"embeddable":true,"href":"https:\/\/kos.pl\/index.php\/wp-json\/wp\/v2\/comments?post=3587"}],"version-history":[{"count":48,"href":"https:\/\/kos.pl\/index.php\/wp-json\/wp\/v2\/pages\/3587\/revisions"}],"predecessor-version":[{"id":17736,"href":"https:\/\/kos.pl\/index.php\/wp-json\/wp\/v2\/pages\/3587\/revisions\/17736"}],"up":[{"embeddable":true,"href":"https:\/\/kos.pl\/index.php\/wp-json\/wp\/v2\/pages\/3698"}],"wp:attachment":[{"href":"https:\/\/kos.pl\/index.php\/wp-json\/wp\/v2\/media?parent=3587"}],"curies":[{"name":"wp","href":"https:\/\/api.w.org\/{rel}","templated":true}]}}