{"id":3589,"date":"2024-10-18T13:23:16","date_gmt":"2024-10-18T11:23:16","guid":{"rendered":"https:\/\/kos.pl\/nowa\/?page_id=3589"},"modified":"2025-09-15T14:24:00","modified_gmt":"2025-09-15T12:24:00","slug":"hydro","status":"publish","type":"page","link":"https:\/\/kos.pl\/index.php\/oferta\/serie-natynkowe\/hydro\/","title":{"rendered":"Hydro"},"content":{"rendered":"\t\t<div data-elementor-type=\"wp-page\" data-elementor-id=\"3589\" class=\"elementor elementor-3589\">\n\t\t\t\t\t\t<section class=\"elementor-section elementor-top-section elementor-element elementor-element-30961d4 elementor-section-full_width elementor-section-height-default elementor-section-height-default\" data-id=\"30961d4\" data-element_type=\"section\">\n\t\t\t\t\t\t<div class=\"elementor-container elementor-column-gap-default\">\n\t\t\t\t\t<div class=\"elementor-column elementor-col-20 elementor-top-column elementor-element elementor-element-0eaec88\" data-id=\"0eaec88\" data-element_type=\"column\">\n\t\t\t<div class=\"elementor-widget-wrap elementor-element-populated\">\n\t\t\t\t\t\t<div class=\"elementor-element elementor-element-341b855 elementor-widget elementor-widget-spacer\" data-id=\"341b855\" data-element_type=\"widget\" data-widget_type=\"spacer.default\">\n\t\t\t\t<div class=\"elementor-widget-container\">\n\t\t\t\t\t\t\t<div class=\"elementor-spacer\">\n\t\t\t<div class=\"elementor-spacer-inner\"><\/div>\n\t\t<\/div>\n\t\t\t\t\t\t<\/div>\n\t\t\t\t<\/div>\n\t\t\t\t<div class=\"elementor-element elementor-element-bc8fe67 elementor-widget elementor-widget-image\" data-id=\"bc8fe67\" data-element_type=\"widget\" data-widget_type=\"image.default\">\n\t\t\t\t<div class=\"elementor-widget-container\">\n\t\t\t\t\t\t\t\t\t\t\t\t\t\t\t\t<a href=\"https:\/\/kos.pl\/index.php\/oferta\/serie-natynkowe\/hydro\/\">\n\t\t\t\t\t\t\t<img decoding=\"async\" width=\"83\" height=\"100\" src=\"https:\/\/kos.pl\/wp-content\/uploads\/2024\/07\/icon_katalog1.png\" class=\"attachment-large size-large wp-image-2533\" alt=\"\" \/>\t\t\t\t\t\t\t\t<\/a>\n\t\t\t\t\t\t\t\t\t\t\t\t\t\t\t<\/div>\n\t\t\t\t<\/div>\n\t\t\t\t<div class=\"elementor-element elementor-element-3521261 elementor-widget elementor-widget-text-editor\" data-id=\"3521261\" data-element_type=\"widget\" data-widget_type=\"text-editor.default\">\n\t\t\t\t<div class=\"elementor-widget-container\">\n\t\t\t\t\t\t\t\t\t<h5><a href=\"https:\/\/kos.pl\/index.php\/oferta\/serie-natynkowe\/hydro\/\">Zalety<\/a><\/h5>\t\t\t\t\t\t\t\t<\/div>\n\t\t\t\t<\/div>\n\t\t\t\t\t<\/div>\n\t\t<\/div>\n\t\t\t\t<div class=\"elementor-column elementor-col-20 elementor-top-column elementor-element elementor-element-fcbc1ac\" data-id=\"fcbc1ac\" data-element_type=\"column\">\n\t\t\t<div class=\"elementor-widget-wrap elementor-element-populated\">\n\t\t\t\t\t\t<div class=\"elementor-element elementor-element-7ef81d6 elementor-widget elementor-widget-spacer\" data-id=\"7ef81d6\" data-element_type=\"widget\" data-widget_type=\"spacer.default\">\n\t\t\t\t<div class=\"elementor-widget-container\">\n\t\t\t\t\t\t\t<div class=\"elementor-spacer\">\n\t\t\t<div class=\"elementor-spacer-inner\"><\/div>\n\t\t<\/div>\n\t\t\t\t\t\t<\/div>\n\t\t\t\t<\/div>\n\t\t\t\t<div class=\"elementor-element elementor-element-15742e9 elementor-widget elementor-widget-image\" data-id=\"15742e9\" data-element_type=\"widget\" data-widget_type=\"image.default\">\n\t\t\t\t<div class=\"elementor-widget-container\">\n\t\t\t\t\t\t\t\t\t\t\t\t\t\t\t\t<a href=\"https:\/\/kos.pl\/index.php\/oferta\/serie-natynkowe\/hydro\/hydro-kolory\/\">\n\t\t\t\t\t\t\t<img decoding=\"async\" width=\"83\" height=\"100\" src=\"https:\/\/kos.pl\/wp-content\/uploads\/2024\/07\/icon_dopobrania.png\" class=\"attachment-large size-large wp-image-2531\" alt=\"\" \/>\t\t\t\t\t\t\t\t<\/a>\n\t\t\t\t\t\t\t\t\t\t\t\t\t\t\t<\/div>\n\t\t\t\t<\/div>\n\t\t\t\t<div class=\"elementor-element elementor-element-2cc4490 elementor-widget elementor-widget-text-editor\" data-id=\"2cc4490\" data-element_type=\"widget\" data-widget_type=\"text-editor.default\">\n\t\t\t\t<div class=\"elementor-widget-container\">\n\t\t\t\t\t\t\t\t\t<h5><a href=\"https:\/\/kos.pl\/index.php\/oferta\/serie-natynkowe\/hydro\/hydro-kolory\/\">Kolory<\/a><strong>\n<\/strong><\/h5>\t\t\t\t\t\t\t\t<\/div>\n\t\t\t\t<\/div>\n\t\t\t\t\t<\/div>\n\t\t<\/div>\n\t\t\t\t<div class=\"elementor-column elementor-col-20 elementor-top-column elementor-element elementor-element-dde9c5f\" data-id=\"dde9c5f\" data-element_type=\"column\">\n\t\t\t<div class=\"elementor-widget-wrap elementor-element-populated\">\n\t\t\t\t\t\t<div class=\"elementor-element elementor-element-528833f elementor-widget elementor-widget-spacer\" data-id=\"528833f\" data-element_type=\"widget\" data-widget_type=\"spacer.default\">\n\t\t\t\t<div class=\"elementor-widget-container\">\n\t\t\t\t\t\t\t<div class=\"elementor-spacer\">\n\t\t\t<div class=\"elementor-spacer-inner\"><\/div>\n\t\t<\/div>\n\t\t\t\t\t\t<\/div>\n\t\t\t\t<\/div>\n\t\t\t\t<div class=\"elementor-element elementor-element-7761e35 elementor-widget elementor-widget-image\" data-id=\"7761e35\" data-element_type=\"widget\" data-widget_type=\"image.default\">\n\t\t\t\t<div class=\"elementor-widget-container\">\n\t\t\t\t\t\t\t\t\t\t\t\t\t\t\t\t<a href=\"https:\/\/kos.pl\/index.php\/oferta\/serie-natynkowe\/hydro\/hydro-produkty\/\">\n\t\t\t\t\t\t\t<img decoding=\"async\" width=\"97\" height=\"97\" src=\"https:\/\/kos.pl\/wp-content\/uploads\/2024\/08\/icon_produkty.png\" class=\"attachment-large size-large wp-image-2734\" alt=\"\" \/>\t\t\t\t\t\t\t\t<\/a>\n\t\t\t\t\t\t\t\t\t\t\t\t\t\t\t<\/div>\n\t\t\t\t<\/div>\n\t\t\t\t<div class=\"elementor-element elementor-element-2574572 elementor-widget elementor-widget-text-editor\" data-id=\"2574572\" data-element_type=\"widget\" data-widget_type=\"text-editor.default\">\n\t\t\t\t<div class=\"elementor-widget-container\">\n\t\t\t\t\t\t\t\t\t<h5><a href=\"https:\/\/kos.pl\/index.php\/oferta\/serie-natynkowe\/hydro\/hydro-produkty\/\">Produkty<\/a><strong>\n<\/strong><\/h5>\t\t\t\t\t\t\t\t<\/div>\n\t\t\t\t<\/div>\n\t\t\t\t\t<\/div>\n\t\t<\/div>\n\t\t\t\t<div class=\"elementor-column elementor-col-20 elementor-top-column elementor-element elementor-element-5d80370\" data-id=\"5d80370\" data-element_type=\"column\">\n\t\t\t<div class=\"elementor-widget-wrap elementor-element-populated\">\n\t\t\t\t\t\t<div class=\"elementor-element elementor-element-5eee456 elementor-widget elementor-widget-spacer\" data-id=\"5eee456\" data-element_type=\"widget\" data-widget_type=\"spacer.default\">\n\t\t\t\t<div class=\"elementor-widget-container\">\n\t\t\t\t\t\t\t<div class=\"elementor-spacer\">\n\t\t\t<div class=\"elementor-spacer-inner\"><\/div>\n\t\t<\/div>\n\t\t\t\t\t\t<\/div>\n\t\t\t\t<\/div>\n\t\t\t\t<div class=\"elementor-element elementor-element-7d34db5 elementor-widget elementor-widget-image\" data-id=\"7d34db5\" data-element_type=\"widget\" data-widget_type=\"image.default\">\n\t\t\t\t<div class=\"elementor-widget-container\">\n\t\t\t\t\t\t\t\t\t\t\t\t\t\t\t\t<a href=\"https:\/\/kos.pl\/index.php\/oferta\/serie-natynkowe\/hydro\/hydro-pobierz\/\">\n\t\t\t\t\t\t\t<img loading=\"lazy\" decoding=\"async\" width=\"97\" height=\"97\" src=\"https:\/\/kos.pl\/wp-content\/uploads\/2024\/08\/ico_pobierz.png\" class=\"attachment-large size-large wp-image-2732\" alt=\"\" \/>\t\t\t\t\t\t\t\t<\/a>\n\t\t\t\t\t\t\t\t\t\t\t\t\t\t\t<\/div>\n\t\t\t\t<\/div>\n\t\t\t\t<div class=\"elementor-element elementor-element-6c947ee elementor-widget elementor-widget-text-editor\" data-id=\"6c947ee\" data-element_type=\"widget\" data-widget_type=\"text-editor.default\">\n\t\t\t\t<div class=\"elementor-widget-container\">\n\t\t\t\t\t\t\t\t\t<h5><a href=\"https:\/\/kos.pl\/index.php\/oferta\/serie-natynkowe\/hydro\/hydro-pobierz\/\">Pobierz<\/a><\/h5>\t\t\t\t\t\t\t\t<\/div>\n\t\t\t\t<\/div>\n\t\t\t\t\t<\/div>\n\t\t<\/div>\n\t\t\t\t<div class=\"elementor-column elementor-col-20 elementor-top-column elementor-element elementor-element-6af43f7\" data-id=\"6af43f7\" data-element_type=\"column\">\n\t\t\t<div class=\"elementor-widget-wrap elementor-element-populated\">\n\t\t\t\t\t\t<div class=\"elementor-element elementor-element-ce81ffd elementor-widget elementor-widget-spacer\" data-id=\"ce81ffd\" data-element_type=\"widget\" data-widget_type=\"spacer.default\">\n\t\t\t\t<div class=\"elementor-widget-container\">\n\t\t\t\t\t\t\t<div class=\"elementor-spacer\">\n\t\t\t<div class=\"elementor-spacer-inner\"><\/div>\n\t\t<\/div>\n\t\t\t\t\t\t<\/div>\n\t\t\t\t<\/div>\n\t\t\t\t<div class=\"elementor-element elementor-element-2186f31 elementor-widget elementor-widget-image\" data-id=\"2186f31\" data-element_type=\"widget\" data-widget_type=\"image.default\">\n\t\t\t\t<div class=\"elementor-widget-container\">\n\t\t\t\t\t\t\t\t\t\t\t\t\t\t\t\t<a href=\"https:\/\/kos.pl\/index.php\/konfigurator\/\">\n\t\t\t\t\t\t\t<img loading=\"lazy\" decoding=\"async\" width=\"97\" height=\"97\" src=\"https:\/\/kos.pl\/wp-content\/uploads\/2024\/07\/icon_konfigurator.png\" class=\"attachment-large size-large wp-image-2534\" alt=\"\" \/>\t\t\t\t\t\t\t\t<\/a>\n\t\t\t\t\t\t\t\t\t\t\t\t\t\t\t<\/div>\n\t\t\t\t<\/div>\n\t\t\t\t<div class=\"elementor-element elementor-element-5ebf968 elementor-widget elementor-widget-text-editor\" data-id=\"5ebf968\" data-element_type=\"widget\" data-widget_type=\"text-editor.default\">\n\t\t\t\t<div class=\"elementor-widget-container\">\n\t\t\t\t\t\t\t\t\t<h5>Konfigurator<\/h5>\t\t\t\t\t\t\t\t<\/div>\n\t\t\t\t<\/div>\n\t\t\t\t\t<\/div>\n\t\t<\/div>\n\t\t\t\t\t<\/div>\n\t\t<\/section>\n\t\t\t\t<section class=\"elementor-section elementor-top-section elementor-element elementor-element-d045691 elementor-section-boxed elementor-section-height-default elementor-section-height-default\" data-id=\"d045691\" data-element_type=\"section\">\n\t\t\t\t\t\t<div class=\"elementor-container elementor-column-gap-default\">\n\t\t\t\t\t<div class=\"elementor-column elementor-col-100 elementor-top-column elementor-element elementor-element-8363c25\" data-id=\"8363c25\" data-element_type=\"column\">\n\t\t\t<div class=\"elementor-widget-wrap elementor-element-populated\">\n\t\t\t\t\t\t<div class=\"elementor-element elementor-element-1fa67df elementor-widget elementor-widget-spacer\" data-id=\"1fa67df\" data-element_type=\"widget\" data-widget_type=\"spacer.default\">\n\t\t\t\t<div class=\"elementor-widget-container\">\n\t\t\t\t\t\t\t<div class=\"elementor-spacer\">\n\t\t\t<div class=\"elementor-spacer-inner\"><\/div>\n\t\t<\/div>\n\t\t\t\t\t\t<\/div>\n\t\t\t\t<\/div>\n\t\t\t\t\t<\/div>\n\t\t<\/div>\n\t\t\t\t\t<\/div>\n\t\t<\/section>\n\t\t\t\t<section class=\"elementor-section elementor-top-section elementor-element elementor-element-9434b9f elementor-section-full_width elementor-section-stretched elementor-section-height-default elementor-section-height-default\" data-id=\"9434b9f\" data-element_type=\"section\" data-settings=\"{&quot;stretch_section&quot;:&quot;section-stretched&quot;}\">\n\t\t\t\t\t\t<div class=\"elementor-container elementor-column-gap-default\">\n\t\t\t\t\t<div class=\"elementor-column elementor-col-50 elementor-top-column elementor-element elementor-element-5596b0b\" data-id=\"5596b0b\" data-element_type=\"column\">\n\t\t\t<div class=\"elementor-widget-wrap elementor-element-populated\">\n\t\t\t\t\t\t<div class=\"elementor-element elementor-element-bb2f973 elementor-widget elementor-widget-image\" data-id=\"bb2f973\" data-element_type=\"widget\" data-widget_type=\"image.default\">\n\t\t\t\t<div class=\"elementor-widget-container\">\n\t\t\t\t\t\t\t\t\t\t\t\t\t\t\t<img loading=\"lazy\" decoding=\"async\" width=\"800\" height=\"600\" src=\"https:\/\/kos.pl\/wp-content\/uploads\/2025\/05\/bryza-2.jpg\" class=\"attachment-full size-full wp-image-16682\" alt=\"\" srcset=\"https:\/\/kos.pl\/wp-content\/uploads\/2025\/05\/bryza-2.jpg 800w, https:\/\/kos.pl\/wp-content\/uploads\/2025\/05\/bryza-2-300x225.jpg 300w, https:\/\/kos.pl\/wp-content\/uploads\/2025\/05\/bryza-2-768x576.jpg 768w, https:\/\/kos.pl\/wp-content\/uploads\/2025\/05\/bryza-2-570x428.jpg 570w\" sizes=\"(max-width: 800px) 100vw, 800px\" \/>\t\t\t\t\t\t\t\t\t\t\t\t\t\t\t<\/div>\n\t\t\t\t<\/div>\n\t\t\t\t\t<\/div>\n\t\t<\/div>\n\t\t\t\t<div class=\"elementor-column elementor-col-50 elementor-top-column elementor-element elementor-element-07696bb\" data-id=\"07696bb\" data-element_type=\"column\">\n\t\t\t<div class=\"elementor-widget-wrap elementor-element-populated\">\n\t\t\t\t\t\t<div class=\"elementor-element elementor-element-9e9ac90 elementor-widget elementor-widget-text-editor\" data-id=\"9e9ac90\" data-element_type=\"widget\" data-widget_type=\"text-editor.default\">\n\t\t\t\t<div class=\"elementor-widget-container\">\n\t\t\t\t\t\t\t\t\t<h2 style=\"text-align: left;\"><span style=\"color: #ff0000;\">HYDRO LINE<\/span><\/h2><p style=\"text-align: left;\">System natynkowy hermetyczny o stopniu ochrony IP44. Seria Hydro przeznaczona jest do pomieszcze\u0144 nieogrzewanych i innych, gdzie panuj\u0105 trudne warunki takie jak wilgo\u0107 i zapylenie, np. hale magazynowe, hale produkcyjne, gara\u017ce, piwnice. Produkty wyst\u0119puj\u0105 w 2 kolorach: bia\u0142ym i w kolorze klinkieru.<\/p><p>\u00a0<\/p><p><strong>ATUTY SERII:\u2028<\/strong><\/p><p>&#8211; wygodna w u\u017cytkowaniu klapka \u2028- szybki monta\u017c\u2028<br \/>&#8211; solidna konstrukcja: solidna obudowa na wkr\u0119ty i zaciski gwintowe w gniazdach<br \/>&#8211; element neonowy pod\u015bwietlaj\u0105cy<\/p>\t\t\t\t\t\t\t\t<\/div>\n\t\t\t\t<\/div>\n\t\t\t\t<div class=\"elementor-element elementor-element-79b0346 elementor-widget elementor-widget-treck-button\" data-id=\"79b0346\" data-element_type=\"widget\" data-widget_type=\"treck-button.default\">\n\t\t\t\t<div class=\"elementor-widget-container\">\n\t\t\t\t\t    <div class=\"visa-details__btn-box\">\r\n        <a class=\"visa-details__btn thm-btn\" href=\"https:\/\/kos.pl\/index.php\/oferta\/serie-natynkowe\/hydro\/hydro-produkty\/\"  >Zobacz wi\u0119cej<\/a>    <\/div>\r\n\t\t\t\t<\/div>\n\t\t\t\t<\/div>\n\t\t\t\t\t<\/div>\n\t\t<\/div>\n\t\t\t\t\t<\/div>\n\t\t<\/section>\n\t\t\t\t<section class=\"elementor-section elementor-top-section elementor-element elementor-element-8fc08ce elementor-section-boxed elementor-section-height-default elementor-section-height-default\" data-id=\"8fc08ce\" data-element_type=\"section\">\n\t\t\t\t\t\t<div class=\"elementor-container elementor-column-gap-default\">\n\t\t\t\t\t<div class=\"elementor-column elementor-col-100 elementor-top-column elementor-element elementor-element-c0794b7\" data-id=\"c0794b7\" data-element_type=\"column\">\n\t\t\t<div class=\"elementor-widget-wrap elementor-element-populated\">\n\t\t\t\t\t\t<div class=\"elementor-element elementor-element-3c7c717 elementor-widget elementor-widget-spacer\" data-id=\"3c7c717\" data-element_type=\"widget\" data-widget_type=\"spacer.default\">\n\t\t\t\t<div class=\"elementor-widget-container\">\n\t\t\t\t\t\t\t<div class=\"elementor-spacer\">\n\t\t\t<div class=\"elementor-spacer-inner\"><\/div>\n\t\t<\/div>\n\t\t\t\t\t\t<\/div>\n\t\t\t\t<\/div>\n\t\t\t\t\t<\/div>\n\t\t<\/div>\n\t\t\t\t\t<\/div>\n\t\t<\/section>\n\t\t\t\t<\/div>\n\t\t","protected":false},"excerpt":{"rendered":"<p>Zalety Kolory Produkty Pobierz Konfigurator HYDRO LINE System natynkowy hermetyczny o stopniu ochrony IP44. Seria Hydro przeznaczona jest do pomieszcze\u0144 nieogrzewanych i innych, gdzie panuj\u0105 trudne warunki takie jak wilgo\u0107 i zapylenie, np. hale magazynowe, hale produkcyjne, gara\u017ce, piwnice. Produkty wyst\u0119puj\u0105 w 2 kolorach: bia\u0142ym i w kolorze klinkieru. \u00a0 ATUTY SERII:\u2028 &#8211; wygodna w [&hellip;]<\/p>\n","protected":false},"author":1,"featured_media":0,"parent":2025,"menu_order":0,"comment_status":"closed","ping_status":"closed","template":"elementor_header_footer","meta":{"footnotes":""},"class_list":["post-3589","page","type-page","status-publish","hentry"],"_links":{"self":[{"href":"https:\/\/kos.pl\/index.php\/wp-json\/wp\/v2\/pages\/3589","targetHints":{"allow":["GET"]}}],"collection":[{"href":"https:\/\/kos.pl\/index.php\/wp-json\/wp\/v2\/pages"}],"about":[{"href":"https:\/\/kos.pl\/index.php\/wp-json\/wp\/v2\/types\/page"}],"author":[{"embeddable":true,"href":"https:\/\/kos.pl\/index.php\/wp-json\/wp\/v2\/users\/1"}],"replies":[{"embeddable":true,"href":"https:\/\/kos.pl\/index.php\/wp-json\/wp\/v2\/comments?post=3589"}],"version-history":[{"count":35,"href":"https:\/\/kos.pl\/index.php\/wp-json\/wp\/v2\/pages\/3589\/revisions"}],"predecessor-version":[{"id":17887,"href":"https:\/\/kos.pl\/index.php\/wp-json\/wp\/v2\/pages\/3589\/revisions\/17887"}],"up":[{"embeddable":true,"href":"https:\/\/kos.pl\/index.php\/wp-json\/wp\/v2\/pages\/2025"}],"wp:attachment":[{"href":"https:\/\/kos.pl\/index.php\/wp-json\/wp\/v2\/media?parent=3589"}],"curies":[{"name":"wp","href":"https:\/\/api.w.org\/{rel}","templated":true}]}}