{"id":691,"date":"2023-04-19T05:21:29","date_gmt":"2023-04-19T05:21:29","guid":{"rendered":"http:\/\/bracketweb.com\/treckwp\/?page_id=691"},"modified":"2025-10-16T08:35:50","modified_gmt":"2025-10-16T06:35:50","slug":"serie-podtynkowe","status":"publish","type":"page","link":"https:\/\/kos.pl\/index.php\/oferta\/serie-podtynkowe\/","title":{"rendered":"Serie podtynkowe"},"content":{"rendered":"\t\t<div data-elementor-type=\"wp-page\" data-elementor-id=\"691\" class=\"elementor elementor-691\">\n\t\t\t\t\t\t<section class=\"elementor-section elementor-top-section elementor-element elementor-element-5190eda elementor-section-boxed elementor-section-height-default elementor-section-height-default\" data-id=\"5190eda\" data-element_type=\"section\">\n\t\t\t\t\t\t<div class=\"elementor-container elementor-column-gap-default\">\n\t\t\t\t\t<div class=\"elementor-column elementor-col-100 elementor-top-column elementor-element elementor-element-206d7a8\" data-id=\"206d7a8\" data-element_type=\"column\">\n\t\t\t<div class=\"elementor-widget-wrap\">\n\t\t\t\t\t\t\t<\/div>\n\t\t<\/div>\n\t\t\t\t\t<\/div>\n\t\t<\/section>\n\t\t\t\t<section class=\"elementor-section elementor-top-section elementor-element elementor-element-a6607e9 elementor-section-full_width elementor-section-height-default elementor-section-height-default\" data-id=\"a6607e9\" data-element_type=\"section\">\n\t\t\t\t\t\t<div class=\"elementor-container elementor-column-gap-no\">\n\t\t\t\t\t<div class=\"elementor-column elementor-col-100 elementor-top-column elementor-element elementor-element-f12f531\" data-id=\"f12f531\" data-element_type=\"column\">\n\t\t\t<div class=\"elementor-widget-wrap elementor-element-populated\">\n\t\t\t\t\t\t<div class=\"elementor-element elementor-element-83ca077 elementor-widget elementor-widget-treck-service\" data-id=\"83ca077\" data-element_type=\"widget\" data-widget_type=\"treck-service.default\">\n\t\t\t\t<div class=\"elementor-widget-container\">\n\t\t\t\t\t\t<!--Coaching Four Start-->\r\n\t<section class=\"coaching-four\">\r\n\t\t<div class=\"container\">\r\n\t\t\t<div class=\"row\">\r\n\t\t\t\t\t\t\t\t\t<!--Coaching Four Single Start-->\r\n\t\t\t\t\t<div class=\"col-xl-4 col-lg-4 wow fadeInUp\" data-wow-delay=\"100ms\">\r\n\t\t\t\t\t\t<div class=\"coaching-three__single\">\r\n\t\t\t\t\t\t\t<div class=\"coaching-three__img\">\r\n\t\t\t\t\t\t\t\t<img decoding=\"async\" src=\"https:\/\/kos.pl\/wp-content\/uploads\/2025\/10\/dante-o1.jpg\" alt=\"dante-o1\" title=\"dante-o1\" >\t\t\t\t\t\t\t\t<div class=\"coaching-three__img-content\">\r\n\t\t\t\t\t\t\t\t\t<p class=\"\">Zobacz wi\u0119cej<\/p>\t\t\t\t\t\t\t\t<\/div>\r\n\t\t\t\t\t\t\t\t<div class=\"coaching-three__hover\">\r\n\t\t\t\t\t\t\t\t\t<p class=\" \">Zobacz wi\u0119cej<\/p>\t\t\t\t\t\t\t\t\t<div class=\"coaching-three__arrow\">\r\n\t\t\t\t\t\t\t\t\t\t<a  href=\"https:\/\/kos.pl\/index.php\/oferta\/serie-podtynkowe\/dante\/\">\r\n\t\t\t\t\t\t\t\t\t\t\t<span aria-hidden=\"true\" class=\"  icon-up-right\"><\/span>\t\t\t\t\t\t\t\t\t\t<\/a>\r\n\t\t\t\t\t\t\t\t\t<\/div>\r\n\t\t\t\t\t\t\t\t<\/div>\r\n\t\t\t\t\t\t\t<\/div>\r\n\t\t\t\t\t\t\t<div class=\"coaching-three__content\">\r\n\t\t\t\t\t\t\t\t<div class=\"coaching-three__title-box\">\r\n\t\t\t\t\t\t\t\t\t<h3 class=\"coaching-three__title\">\r\n\t\t\t\t\t\t\t\t\t\t<a class=\"\" href=\"https:\/\/kos.pl\/index.php\/oferta\/serie-podtynkowe\/dante\/\"  >DANTE<\/a>\t\t\t\t\t\t\t\t\t<\/h3>\r\n\t\t\t\t\t\t\t\t<\/div>\r\n\t\t\t\t\t\t\t\t<p class=\"coaching-three__text\">Zobacz nasz wyj\u0105tkowy produkt<\/p>\t\t\t\t\t\t\t<\/div>\r\n\t\t\t\t\t\t<\/div>\r\n\t\t\t\t\t<\/div>\r\n\t\t\t\t\t<!--Coaching Four Single End-->\r\n\t\t\t\t\t\t\t\t\t<!--Coaching Four Single Start-->\r\n\t\t\t\t\t<div class=\"col-xl-4 col-lg-4 wow fadeInUp\" data-wow-delay=\"200ms\">\r\n\t\t\t\t\t\t<div class=\"coaching-three__single\">\r\n\t\t\t\t\t\t\t<div class=\"coaching-three__img\">\r\n\t\t\t\t\t\t\t\t<img decoding=\"async\" src=\"https:\/\/kos.pl\/wp-content\/uploads\/2025\/10\/vena-o1.jpg\" alt=\"vena-o1\" title=\"vena-o1\" >\t\t\t\t\t\t\t\t<div class=\"coaching-three__img-content\">\r\n\t\t\t\t\t\t\t\t\t<p class=\"  \">Zobacz wi\u0119cej<\/p>\t\t\t\t\t\t\t\t<\/div>\r\n\t\t\t\t\t\t\t\t<div class=\"coaching-three__hover\">\r\n\t\t\t\t\t\t\t\t\t<p class=\"   \">Zobacz wi\u0119cej<\/p>\t\t\t\t\t\t\t\t\t<div class=\"coaching-three__arrow\">\r\n\t\t\t\t\t\t\t\t\t\t<a  href=\"https:\/\/kos.pl\/index.php\/oferta\/serie-podtynkowe\/vena\/\">\r\n\t\t\t\t\t\t\t\t\t\t\t<span aria-hidden=\"true\" class=\"  icon-up-right\"><\/span>\t\t\t\t\t\t\t\t\t\t<\/a>\r\n\t\t\t\t\t\t\t\t\t<\/div>\r\n\t\t\t\t\t\t\t\t<\/div>\r\n\t\t\t\t\t\t\t<\/div>\r\n\t\t\t\t\t\t\t<div class=\"coaching-three__content\">\r\n\t\t\t\t\t\t\t\t<div class=\"coaching-three__title-box\">\r\n\t\t\t\t\t\t\t\t\t<h3 class=\"coaching-three__title\">\r\n\t\t\t\t\t\t\t\t\t\t<a class=\" \" href=\"https:\/\/kos.pl\/index.php\/oferta\/serie-podtynkowe\/vena\/\"  >VENA<\/a>\t\t\t\t\t\t\t\t\t<\/h3>\r\n\t\t\t\t\t\t\t\t<\/div>\r\n\t\t\t\t\t\t\t\t<p class=\"coaching-three__text coaching-three__text\">Zobacz nasz wyj\u0105tkowy produkt<\/p>\t\t\t\t\t\t\t<\/div>\r\n\t\t\t\t\t\t<\/div>\r\n\t\t\t\t\t<\/div>\r\n\t\t\t\t\t<!--Coaching Four Single End-->\r\n\t\t\t\t\t\t\t\t\t<!--Coaching Four Single Start-->\r\n\t\t\t\t\t<div class=\"col-xl-4 col-lg-4 wow fadeInUp\" data-wow-delay=\"300ms\">\r\n\t\t\t\t\t\t<div class=\"coaching-three__single\">\r\n\t\t\t\t\t\t\t<div class=\"coaching-three__img\">\r\n\t\t\t\t\t\t\t\t<img decoding=\"async\" src=\"https:\/\/kos.pl\/wp-content\/uploads\/2025\/10\/vena2-o1.jpg\" alt=\"vena2-o1\" title=\"vena2-o1\" >\t\t\t\t\t\t\t\t<div class=\"coaching-three__img-content\">\r\n\t\t\t\t\t\t\t\t\t<p class=\"    \">Zobacz wi\u0119cej<\/p>\t\t\t\t\t\t\t\t<\/div>\r\n\t\t\t\t\t\t\t\t<div class=\"coaching-three__hover\">\r\n\t\t\t\t\t\t\t\t\t<p class=\"     \">Zobacz wi\u0119cej<\/p>\t\t\t\t\t\t\t\t\t<div class=\"coaching-three__arrow\">\r\n\t\t\t\t\t\t\t\t\t\t<a  href=\"https:\/\/kos.pl\/index.php\/oferta\/serie-podtynkowe\/vena2\/\">\r\n\t\t\t\t\t\t\t\t\t\t\t<span aria-hidden=\"true\" class=\"  icon-up-right\"><\/span>\t\t\t\t\t\t\t\t\t\t<\/a>\r\n\t\t\t\t\t\t\t\t\t<\/div>\r\n\t\t\t\t\t\t\t\t<\/div>\r\n\t\t\t\t\t\t\t<\/div>\r\n\t\t\t\t\t\t\t<div class=\"coaching-three__content\">\r\n\t\t\t\t\t\t\t\t<div class=\"coaching-three__title-box\">\r\n\t\t\t\t\t\t\t\t\t<h3 class=\"coaching-three__title\">\r\n\t\t\t\t\t\t\t\t\t\t<a class=\"  \" href=\"https:\/\/kos.pl\/index.php\/oferta\/serie-podtynkowe\/vena2\/\"  >VENA2<\/a>\t\t\t\t\t\t\t\t\t<\/h3>\r\n\t\t\t\t\t\t\t\t<\/div>\r\n\t\t\t\t\t\t\t\t<p class=\"coaching-three__text coaching-three__text coaching-three__text\">Zobacz nasz wyj\u0105tkowy produkt<\/p>\t\t\t\t\t\t\t<\/div>\r\n\t\t\t\t\t\t<\/div>\r\n\t\t\t\t\t<\/div>\r\n\t\t\t\t\t<!--Coaching Four Single End-->\r\n\t\t\t\t\t\t\t\t\t<!--Coaching Four Single Start-->\r\n\t\t\t\t\t<div class=\"col-xl-4 col-lg-4 wow fadeInUp\" data-wow-delay=\"400ms\">\r\n\t\t\t\t\t\t<div class=\"coaching-three__single\">\r\n\t\t\t\t\t\t\t<div class=\"coaching-three__img\">\r\n\t\t\t\t\t\t\t\t<img decoding=\"async\" src=\"https:\/\/kos.pl\/wp-content\/uploads\/2025\/10\/kos66-o1.jpg\" alt=\"kos66-o1\" title=\"kos66-o1\" >\t\t\t\t\t\t\t\t<div class=\"coaching-three__img-content\">\r\n\t\t\t\t\t\t\t\t\t<p class=\"      \">Zobacz wi\u0119cej<\/p>\t\t\t\t\t\t\t\t<\/div>\r\n\t\t\t\t\t\t\t\t<div class=\"coaching-three__hover\">\r\n\t\t\t\t\t\t\t\t\t<p class=\"       \">Zobacz wi\u0119cej<\/p>\t\t\t\t\t\t\t\t\t<div class=\"coaching-three__arrow\">\r\n\t\t\t\t\t\t\t\t\t\t<a  href=\"https:\/\/kos.pl\/index.php\/oferta\/serie-podtynkowe\/kos66\/\">\r\n\t\t\t\t\t\t\t\t\t\t\t<span aria-hidden=\"true\" class=\"  icon-up-right\"><\/span>\t\t\t\t\t\t\t\t\t\t<\/a>\r\n\t\t\t\t\t\t\t\t\t<\/div>\r\n\t\t\t\t\t\t\t\t<\/div>\r\n\t\t\t\t\t\t\t<\/div>\r\n\t\t\t\t\t\t\t<div class=\"coaching-three__content\">\r\n\t\t\t\t\t\t\t\t<div class=\"coaching-three__title-box\">\r\n\t\t\t\t\t\t\t\t\t<h3 class=\"coaching-three__title\">\r\n\t\t\t\t\t\t\t\t\t\t<a class=\"   \" href=\"https:\/\/kos.pl\/index.php\/oferta\/serie-podtynkowe\/kos66\/\"  >KOS66<\/a>\t\t\t\t\t\t\t\t\t<\/h3>\r\n\t\t\t\t\t\t\t\t<\/div>\r\n\t\t\t\t\t\t\t\t<p class=\"coaching-three__text coaching-three__text coaching-three__text coaching-three__text\">Zobacz nasz wyj\u0105tkowy produkt<\/p>\t\t\t\t\t\t\t<\/div>\r\n\t\t\t\t\t\t<\/div>\r\n\t\t\t\t\t<\/div>\r\n\t\t\t\t\t<!--Coaching Four Single End-->\r\n\t\t\t\t\t\t\t\t\t<!--Coaching Four Single Start-->\r\n\t\t\t\t\t<div class=\"col-xl-4 col-lg-4 wow fadeInUp\" data-wow-delay=\"500ms\">\r\n\t\t\t\t\t\t<div class=\"coaching-three__single\">\r\n\t\t\t\t\t\t\t<div class=\"coaching-three__img\">\r\n\t\t\t\t\t\t\t\t<img decoding=\"async\" src=\"https:\/\/kos.pl\/wp-content\/uploads\/2025\/10\/kos66plus-o1.jpg\" alt=\"kos66plus-o1\" title=\"kos66plus-o1\" >\t\t\t\t\t\t\t\t<div class=\"coaching-three__img-content\">\r\n\t\t\t\t\t\t\t\t\t<p class=\"        \">Zobacz wi\u0119cej<\/p>\t\t\t\t\t\t\t\t<\/div>\r\n\t\t\t\t\t\t\t\t<div class=\"coaching-three__hover\">\r\n\t\t\t\t\t\t\t\t\t<p class=\"         \">Zobacz wi\u0119cej<\/p>\t\t\t\t\t\t\t\t\t<div class=\"coaching-three__arrow\">\r\n\t\t\t\t\t\t\t\t\t\t<a  href=\"https:\/\/kos.pl\/index.php\/oferta\/serie-podtynkowe\/kos66-plus\/\">\r\n\t\t\t\t\t\t\t\t\t\t\t<span aria-hidden=\"true\" class=\"  icon-up-right\"><\/span>\t\t\t\t\t\t\t\t\t\t<\/a>\r\n\t\t\t\t\t\t\t\t\t<\/div>\r\n\t\t\t\t\t\t\t\t<\/div>\r\n\t\t\t\t\t\t\t<\/div>\r\n\t\t\t\t\t\t\t<div class=\"coaching-three__content\">\r\n\t\t\t\t\t\t\t\t<div class=\"coaching-three__title-box\">\r\n\t\t\t\t\t\t\t\t\t<h3 class=\"coaching-three__title\">\r\n\t\t\t\t\t\t\t\t\t\t<a class=\"    \" href=\"https:\/\/kos.pl\/index.php\/oferta\/serie-podtynkowe\/kos66-plus\/\"  >KOS66 PLUS<\/a>\t\t\t\t\t\t\t\t\t<\/h3>\r\n\t\t\t\t\t\t\t\t<\/div>\r\n\t\t\t\t\t\t\t\t<p class=\"coaching-three__text coaching-three__text coaching-three__text coaching-three__text coaching-three__text\">Zobacz nasz wyj\u0105tkowy produkt<\/p>\t\t\t\t\t\t\t<\/div>\r\n\t\t\t\t\t\t<\/div>\r\n\t\t\t\t\t<\/div>\r\n\t\t\t\t\t<!--Coaching Four Single End-->\r\n\t\t\t\t\t\t\t\t\t<!--Coaching Four Single Start-->\r\n\t\t\t\t\t<div class=\"col-xl-4 col-lg-4 wow fadeInUp\" data-wow-delay=\"600ms\">\r\n\t\t\t\t\t\t<div class=\"coaching-three__single\">\r\n\t\t\t\t\t\t\t<div class=\"coaching-three__img\">\r\n\t\t\t\t\t\t\t\t<img decoding=\"async\" src=\"https:\/\/kos.pl\/wp-content\/uploads\/2025\/10\/vena2-o1.jpg\" alt=\"vena2-o1\" title=\"vena2-o1\" >\t\t\t\t\t\t\t\t<div class=\"coaching-three__img-content\">\r\n\t\t\t\t\t\t\t\t\t<p class=\"          \">Zobacz wi\u0119cej<\/p>\t\t\t\t\t\t\t\t<\/div>\r\n\t\t\t\t\t\t\t\t<div class=\"coaching-three__hover\">\r\n\t\t\t\t\t\t\t\t\t<p class=\"           \">Zobacz wi\u0119cej<\/p>\t\t\t\t\t\t\t\t\t<div class=\"coaching-three__arrow\">\r\n\t\t\t\t\t\t\t\t\t\t<a  href=\"https:\/\/kos.pl\/index.php\/oferta\/serie-podtynkowe\/kos1\/\">\r\n\t\t\t\t\t\t\t\t\t\t\t<span aria-hidden=\"true\" class=\"  icon-up-right\"><\/span>\t\t\t\t\t\t\t\t\t\t<\/a>\r\n\t\t\t\t\t\t\t\t\t<\/div>\r\n\t\t\t\t\t\t\t\t<\/div>\r\n\t\t\t\t\t\t\t<\/div>\r\n\t\t\t\t\t\t\t<div class=\"coaching-three__content\">\r\n\t\t\t\t\t\t\t\t<div class=\"coaching-three__title-box\">\r\n\t\t\t\t\t\t\t\t\t<h3 class=\"coaching-three__title\">\r\n\t\t\t\t\t\t\t\t\t\t<a class=\"     \" href=\"https:\/\/kos.pl\/index.php\/oferta\/serie-podtynkowe\/kos1\/\"  >KOS1<\/a>\t\t\t\t\t\t\t\t\t<\/h3>\r\n\t\t\t\t\t\t\t\t<\/div>\r\n\t\t\t\t\t\t\t\t<p class=\"coaching-three__text coaching-three__text coaching-three__text coaching-three__text coaching-three__text coaching-three__text\">Zobacz nasz wyj\u0105tkowy produkt<\/p>\t\t\t\t\t\t\t<\/div>\r\n\t\t\t\t\t\t<\/div>\r\n\t\t\t\t\t<\/div>\r\n\t\t\t\t\t<!--Coaching Four Single End-->\r\n\t\t\t\t\t\t\t\t\t<!--Coaching Four Single Start-->\r\n\t\t\t\t\t<div class=\"col-xl-4 col-lg-4 wow fadeInUp\" data-wow-delay=\"700ms\">\r\n\t\t\t\t\t\t<div class=\"coaching-three__single\">\r\n\t\t\t\t\t\t\t<div class=\"coaching-three__img\">\r\n\t\t\t\t\t\t\t\t<img decoding=\"async\" src=\"https:\/\/kos.pl\/wp-content\/uploads\/2025\/10\/cosmoline-o1.jpg\" alt=\"cosmoline-o1\" title=\"cosmoline-o1\" >\t\t\t\t\t\t\t\t<div class=\"coaching-three__img-content\">\r\n\t\t\t\t\t\t\t\t\t<p class=\"            \">Zobacz wi\u0119cej<\/p>\t\t\t\t\t\t\t\t<\/div>\r\n\t\t\t\t\t\t\t\t<div class=\"coaching-three__hover\">\r\n\t\t\t\t\t\t\t\t\t<p class=\"             \">Zobacz wi\u0119cej<\/p>\t\t\t\t\t\t\t\t\t<div class=\"coaching-three__arrow\">\r\n\t\t\t\t\t\t\t\t\t\t<a  href=\"https:\/\/kos.pl\/index.php\/oferta\/serie-podtynkowe\/cosmo-line\/\">\r\n\t\t\t\t\t\t\t\t\t\t\t<span aria-hidden=\"true\" class=\"  icon-up-right\"><\/span>\t\t\t\t\t\t\t\t\t\t<\/a>\r\n\t\t\t\t\t\t\t\t\t<\/div>\r\n\t\t\t\t\t\t\t\t<\/div>\r\n\t\t\t\t\t\t\t<\/div>\r\n\t\t\t\t\t\t\t<div class=\"coaching-three__content\">\r\n\t\t\t\t\t\t\t\t<div class=\"coaching-three__title-box\">\r\n\t\t\t\t\t\t\t\t\t<h3 class=\"coaching-three__title\">\r\n\t\t\t\t\t\t\t\t\t\t<a class=\"      \" href=\"https:\/\/kos.pl\/index.php\/oferta\/serie-podtynkowe\/cosmo-line\/\"  >CosmoLine<\/a>\t\t\t\t\t\t\t\t\t<\/h3>\r\n\t\t\t\t\t\t\t\t<\/div>\r\n\t\t\t\t\t\t\t\t<p class=\"coaching-three__text coaching-three__text coaching-three__text coaching-three__text coaching-three__text coaching-three__text coaching-three__text\">Zobacz nasz wyj\u0105tkowy produkt<\/p>\t\t\t\t\t\t\t<\/div>\r\n\t\t\t\t\t\t<\/div>\r\n\t\t\t\t\t<\/div>\r\n\t\t\t\t\t<!--Coaching Four Single End-->\r\n\t\t\t\t\t\t\t<\/div>\r\n\t\t<\/div>\r\n\t<\/section>\r\n\t<!--Coaching Four End-->\r\n\t\t\t\t<\/div>\n\t\t\t\t<\/div>\n\t\t\t\t\t<\/div>\n\t\t<\/div>\n\t\t\t\t\t<\/div>\n\t\t<\/section>\n\t\t\t\t<\/div>\n\t\t","protected":false},"excerpt":{"rendered":"<p>Zobacz wi\u0119cej Zobacz wi\u0119cej DANTE Zobacz nasz wyj\u0105tkowy produkt Zobacz wi\u0119cej Zobacz wi\u0119cej VENA Zobacz nasz wyj\u0105tkowy produkt Zobacz wi\u0119cej Zobacz wi\u0119cej VENA2 Zobacz nasz wyj\u0105tkowy produkt Zobacz wi\u0119cej Zobacz wi\u0119cej KOS66 Zobacz nasz wyj\u0105tkowy produkt Zobacz wi\u0119cej Zobacz wi\u0119cej KOS66 PLUS Zobacz nasz wyj\u0105tkowy produkt Zobacz wi\u0119cej Zobacz wi\u0119cej KOS1 Zobacz nasz wyj\u0105tkowy produkt [&hellip;]<\/p>\n","protected":false},"author":1,"featured_media":0,"parent":3688,"menu_order":0,"comment_status":"closed","ping_status":"closed","template":"elementor_header_footer","meta":{"footnotes":""},"class_list":["post-691","page","type-page","status-publish","hentry"],"_links":{"self":[{"href":"https:\/\/kos.pl\/index.php\/wp-json\/wp\/v2\/pages\/691","targetHints":{"allow":["GET"]}}],"collection":[{"href":"https:\/\/kos.pl\/index.php\/wp-json\/wp\/v2\/pages"}],"about":[{"href":"https:\/\/kos.pl\/index.php\/wp-json\/wp\/v2\/types\/page"}],"author":[{"embeddable":true,"href":"https:\/\/kos.pl\/index.php\/wp-json\/wp\/v2\/users\/1"}],"replies":[{"embeddable":true,"href":"https:\/\/kos.pl\/index.php\/wp-json\/wp\/v2\/comments?post=691"}],"version-history":[{"count":26,"href":"https:\/\/kos.pl\/index.php\/wp-json\/wp\/v2\/pages\/691\/revisions"}],"predecessor-version":[{"id":19897,"href":"https:\/\/kos.pl\/index.php\/wp-json\/wp\/v2\/pages\/691\/revisions\/19897"}],"up":[{"embeddable":true,"href":"https:\/\/kos.pl\/index.php\/wp-json\/wp\/v2\/pages\/3688"}],"wp:attachment":[{"href":"https:\/\/kos.pl\/index.php\/wp-json\/wp\/v2\/media?parent=691"}],"curies":[{"name":"wp","href":"https:\/\/api.w.org\/{rel}","templated":true}]}}